{"id":1049,"date":"2025-01-28T21:17:52","date_gmt":"2025-01-28T20:17:52","guid":{"rendered":"https:\/\/koednitzhof.at\/gasthof\/?page_id=1049"},"modified":"2026-04-04T12:35:33","modified_gmt":"2026-04-04T10:35:33","slug":"herzlich-willkommen-im-koednitzhof","status":"publish","type":"page","link":"https:\/\/koednitzhof.at\/gasthof\/","title":{"rendered":"Herzlich Willkommen im K\u00f6dnitzhof"},"content":{"rendered":"\n<p class=\"has-text-align-center has-border-color has-luminous-vivid-orange-border-color has-link-color has-medium-font-size wp-elements-361466e50c91d17cc9c1c47398a8902b\" style=\"border-width:6px;line-height:2.4\">Liebe G\u00e4ste, <br>ab dem <strong>06.04.2026-03.05.2026<\/strong> haben wir <strong>Betriebsruhe<\/strong>. <br>Wir danken alle f\u00fcr die tolle Wintersaison und freuen uns auf ein Wiedersehen im Sommer. <br>Euer Team vom K\u00f6dnitzhof<\/p>\n\n\n\n<div class=\"wp-block-cover is-light has-custom-content-position is-position-top-left\" style=\"min-height:352px;aspect-ratio:unset;\"><img loading=\"lazy\" decoding=\"async\" width=\"1024\" height=\"768\" class=\"wp-block-cover__image-background wp-image-606 size-large\" alt=\"\" src=\"https:\/\/koednitzhof.at\/gasthof\/wp-content\/uploads\/2024\/08\/Winterlandschaft-1-1024x768.jpg\" style=\"object-position:54% 28%\" data-object-fit=\"cover\" data-object-position=\"54% 28%\" srcset=\"https:\/\/koednitzhof.at\/gasthof\/wp-content\/uploads\/2024\/08\/Winterlandschaft-1-1024x768.jpg 1024w, https:\/\/koednitzhof.at\/gasthof\/wp-content\/uploads\/2024\/08\/Winterlandschaft-1-300x225.jpg 300w, https:\/\/koednitzhof.at\/gasthof\/wp-content\/uploads\/2024\/08\/Winterlandschaft-1-768x576.jpg 768w, https:\/\/koednitzhof.at\/gasthof\/wp-content\/uploads\/2024\/08\/Winterlandschaft-1-1536x1152.jpg 1536w, https:\/\/koednitzhof.at\/gasthof\/wp-content\/uploads\/2024\/08\/Winterlandschaft-1.jpg 1600w\" sizes=\"auto, (max-width: 1024px) 100vw, 1024px\" \/><span aria-hidden=\"true\" class=\"wp-block-cover__background has-background-dim\" style=\"background-color:#8592a3\"><\/span><div class=\"wp-block-cover__inner-container is-layout-constrained wp-block-cover-is-layout-constrained\">\n<p class=\"has-text-align-center has-white-color has-text-color has-link-color has-x-large-font-size wp-elements-04cb2367dd37bf3c23ba45e1ba58c4fa\" style=\"padding-top:0;padding-bottom:0;line-height:1.5\"><strong><a href=\"https:\/\/koednitzhof.at\/gasthof\/index.php\/willkommen-bei-der-familie-berger-im-koednitzhof\/\">&#8222;Dein Winter. Dein Berg. Dein Skiurlaub- erlebe die Berge von ihrer sch\u00f6nsten Seite&#8220;<\/a><\/strong><\/p>\n<\/div><\/div>\n\n\n\n<p style=\"padding-top:var(--wp--preset--spacing--60);padding-bottom:var(--wp--preset--spacing--60)\"><\/p>\n\n\n\n<div style=\"aspect-ratio:auto;min-height:unset;\" class=\"wp-block-cover has-aspect-ratio\"><img loading=\"lazy\" decoding=\"async\" width=\"1600\" height=\"1067\" class=\"wp-block-cover__image-background wp-image-795\" alt=\"\" src=\"https:\/\/koednitzhof.at\/gasthof\/wp-content\/uploads\/2024\/10\/kals_koednitzhof_4935.jpg\" style=\"object-position:51% 46%\" data-object-fit=\"cover\" data-object-position=\"51% 46%\" srcset=\"https:\/\/koednitzhof.at\/gasthof\/wp-content\/uploads\/2024\/10\/kals_koednitzhof_4935.jpg 1600w, https:\/\/koednitzhof.at\/gasthof\/wp-content\/uploads\/2024\/10\/kals_koednitzhof_4935-300x200.jpg 300w, https:\/\/koednitzhof.at\/gasthof\/wp-content\/uploads\/2024\/10\/kals_koednitzhof_4935-1024x683.jpg 1024w, https:\/\/koednitzhof.at\/gasthof\/wp-content\/uploads\/2024\/10\/kals_koednitzhof_4935-768x512.jpg 768w, https:\/\/koednitzhof.at\/gasthof\/wp-content\/uploads\/2024\/10\/kals_koednitzhof_4935-1536x1024.jpg 1536w\" sizes=\"auto, (max-width: 1600px) 100vw, 1600px\" \/><span aria-hidden=\"true\" class=\"wp-block-cover__background has-background-dim\" style=\"background-color:#766c62\"><\/span><div class=\"wp-block-cover__inner-container is-layout-constrained wp-block-cover-is-layout-constrained\">\n<p class=\"has-text-align-center has-white-color has-text-color has-link-color has-x-large-font-size wp-elements-a57781f2069c5f3fb66eb07231cfc373\" style=\"padding-top:var(--wp--preset--spacing--60);padding-bottom:var(--wp--preset--spacing--60)\"><strong><a href=\"https:\/\/koednitzhof.at\/gasthof\/index.php\/willkommen-bei-der-familie-berger-im-koednitzhof\/\">Unser Haus<\/a><\/strong><\/p>\n\n\n\n<div class=\"wp-block-buttons is-content-justification-center is-layout-flex wp-container-core-buttons-is-layout-a89b3969 wp-block-buttons-is-layout-flex\">\n<div class=\"wp-block-button\"><a class=\"wp-block-button__link has-black-color has-luminous-vivid-amber-background-color has-text-color has-background has-link-color wp-element-button\" href=\"https:\/\/koednitzhof.at\/gasthof\/index.php\/willkommen-bei-der-familie-berger-im-koednitzhof\/\"><strong>Weitere Infos <\/strong><\/a><\/div>\n<\/div>\n<\/div><\/div>\n\n\n\n<p style=\"padding-top:var(--wp--preset--spacing--60);padding-bottom:var(--wp--preset--spacing--60)\"><\/p>\n\n\n\n<div class=\"wp-block-cover is-light\"><img loading=\"lazy\" decoding=\"async\" width=\"2560\" height=\"1362\" class=\"wp-block-cover__image-background wp-image-1542 size-full\" alt=\"\" src=\"https:\/\/koednitzhof.at\/gasthof\/wp-content\/uploads\/2026\/01\/IMG_9409_10_11-scaled.jpg\" style=\"object-position:21% 35%\" data-object-fit=\"cover\" data-object-position=\"21% 35%\" srcset=\"https:\/\/koednitzhof.at\/gasthof\/wp-content\/uploads\/2026\/01\/IMG_9409_10_11-scaled.jpg 2560w, https:\/\/koednitzhof.at\/gasthof\/wp-content\/uploads\/2026\/01\/IMG_9409_10_11-300x160.jpg 300w, https:\/\/koednitzhof.at\/gasthof\/wp-content\/uploads\/2026\/01\/IMG_9409_10_11-1024x545.jpg 1024w, https:\/\/koednitzhof.at\/gasthof\/wp-content\/uploads\/2026\/01\/IMG_9409_10_11-768x409.jpg 768w, https:\/\/koednitzhof.at\/gasthof\/wp-content\/uploads\/2026\/01\/IMG_9409_10_11-1536x817.jpg 1536w, https:\/\/koednitzhof.at\/gasthof\/wp-content\/uploads\/2026\/01\/IMG_9409_10_11-2048x1089.jpg 2048w\" sizes=\"auto, (max-width: 2560px) 100vw, 2560px\" \/><span aria-hidden=\"true\" class=\"wp-block-cover__background has-background-dim\" style=\"background-color:#9f9c9c\"><\/span><div class=\"wp-block-cover__inner-container is-layout-constrained wp-block-cover-is-layout-constrained\">\n<p class=\"has-text-align-center has-ast-global-color-5-color has-text-color has-link-color has-x-large-font-size wp-elements-8292e3ef1ab241f58d35e1ce6cadca87\"><a href=\"https:\/\/koednitzhof.at\/gasthof\/index.php\/essen-und-trinken\/\"><strong>Unser Restaurant<\/strong><\/a><\/p>\n\n\n\n<div class=\"wp-block-buttons is-content-justification-center is-layout-flex wp-container-core-buttons-is-layout-a89b3969 wp-block-buttons-is-layout-flex\">\n<div class=\"wp-block-button\"><a class=\"wp-block-button__link has-black-color has-luminous-vivid-amber-background-color has-text-color has-background has-link-color wp-element-button\" href=\"https:\/\/koednitzhof.at\/gasthof\/index.php\/essen-und-trinken\/\"><strong>Weitere Infos<\/strong><\/a><\/div>\n<\/div>\n<\/div><\/div>\n\n\n\n<p style=\"padding-top:var(--wp--preset--spacing--60);padding-bottom:var(--wp--preset--spacing--60)\"><\/p>\n\n\n\n<div style=\"aspect-ratio:auto;min-height:unset;\" class=\"wp-block-cover is-light has-aspect-ratio\"><img loading=\"lazy\" decoding=\"async\" width=\"939\" height=\"987\" class=\"wp-block-cover__image-background wp-image-510\" alt=\"\" src=\"https:\/\/koednitzhof.at\/gasthof\/wp-content\/uploads\/2024\/08\/TAXI.jpg\" style=\"object-position:49% 73%\" data-object-fit=\"cover\" data-object-position=\"49% 73%\" srcset=\"https:\/\/koednitzhof.at\/gasthof\/wp-content\/uploads\/2024\/08\/TAXI.jpg 939w, https:\/\/koednitzhof.at\/gasthof\/wp-content\/uploads\/2024\/08\/TAXI-285x300.jpg 285w, https:\/\/koednitzhof.at\/gasthof\/wp-content\/uploads\/2024\/08\/TAXI-768x807.jpg 768w\" sizes=\"auto, (max-width: 939px) 100vw, 939px\" \/><span aria-hidden=\"true\" class=\"wp-block-cover__background has-background-dim\" style=\"background-color:#828681\"><\/span><div class=\"wp-block-cover__inner-container is-layout-constrained wp-block-cover-is-layout-constrained\">\n<p class=\"has-text-align-center has-ast-global-color-5-color has-text-color has-link-color wp-elements-7af6c4965b69497fe2c41e822c1934bd\" style=\"padding-top:var(--wp--preset--spacing--60);padding-bottom:var(--wp--preset--spacing--60);font-size:42px\"><strong><a href=\"https:\/\/koednitzhof.at\/gasthof\/index.php\/glocknertaxi\/\">Unser Glocknertaxi<\/a><\/strong><\/p>\n\n\n\n<div class=\"wp-block-buttons is-content-justification-center is-layout-flex wp-container-core-buttons-is-layout-a89b3969 wp-block-buttons-is-layout-flex\">\n<div class=\"wp-block-button\"><a class=\"wp-block-button__link has-black-color has-luminous-vivid-amber-background-color has-text-color has-background has-link-color wp-element-button\" href=\"https:\/\/koednitzhof.at\/gasthof\/index.php\/glocknertaxi\/\"><strong>Weitere Infos<\/strong><\/a><\/div>\n<\/div>\n<\/div><\/div>\n\n\n\n<p style=\"padding-top:var(--wp--preset--spacing--60);padding-bottom:var(--wp--preset--spacing--60)\"><\/p>\n\n\n\n<div style=\"aspect-ratio:auto;min-height:unset;\" class=\"wp-block-cover is-light has-aspect-ratio\"><img loading=\"lazy\" decoding=\"async\" width=\"1199\" height=\"1600\" class=\"wp-block-cover__image-background wp-image-1106\" alt=\"\" src=\"https:\/\/koednitzhof.at\/gasthof\/wp-content\/uploads\/2025\/01\/IMG-20240822-WA0029.jpg\" data-object-fit=\"cover\" srcset=\"https:\/\/koednitzhof.at\/gasthof\/wp-content\/uploads\/2025\/01\/IMG-20240822-WA0029.jpg 1199w, https:\/\/koednitzhof.at\/gasthof\/wp-content\/uploads\/2025\/01\/IMG-20240822-WA0029-225x300.jpg 225w, https:\/\/koednitzhof.at\/gasthof\/wp-content\/uploads\/2025\/01\/IMG-20240822-WA0029-767x1024.jpg 767w, https:\/\/koednitzhof.at\/gasthof\/wp-content\/uploads\/2025\/01\/IMG-20240822-WA0029-768x1025.jpg 768w, https:\/\/koednitzhof.at\/gasthof\/wp-content\/uploads\/2025\/01\/IMG-20240822-WA0029-1151x1536.jpg 1151w\" sizes=\"auto, (max-width: 1199px) 100vw, 1199px\" \/><span aria-hidden=\"true\" class=\"wp-block-cover__background has-background-dim\" style=\"background-color:#748798\"><\/span><div class=\"wp-block-cover__inner-container is-layout-constrained wp-block-cover-is-layout-constrained\">\n<p class=\"has-text-align-center has-ast-global-color-5-color has-text-color has-link-color wp-elements-f7b358f1af58d63d3d959f1b6757f783\" style=\"padding-top:var(--wp--preset--spacing--60);padding-bottom:var(--wp--preset--spacing--60);font-size:42px\"><a href=\"https:\/\/koednitzhof.at\/gasthof\/?page_id=6\"><strong>News und Events<\/strong><\/a><\/p>\n\n\n\n<div class=\"wp-block-buttons is-content-justification-center is-layout-flex wp-container-core-buttons-is-layout-a89b3969 wp-block-buttons-is-layout-flex\">\n<div class=\"wp-block-button\"><a class=\"wp-block-button__link has-black-color has-luminous-vivid-amber-background-color has-text-color has-background has-link-color wp-element-button\" href=\"https:\/\/koednitzhof.at\/gasthof\/?page_id=6\"><strong>Weitere Infos<\/strong><\/a><\/div>\n<\/div>\n<\/div><\/div>\n\n\n\n<p style=\"padding-top:var(--wp--preset--spacing--60);padding-bottom:var(--wp--preset--spacing--60)\"><\/p>\n\n\n\n<h2 class=\"wp-block-heading\">Aktuell<\/h2>\n\n\n<ul class=\"wp-block-latest-posts__list wp-block-latest-posts\"><li><a class=\"wp-block-latest-posts__post-title\" href=\"https:\/\/koednitzhof.at\/gasthof\/index.php\/2026\/03\/08\/aktuelle-oeffnungszeiten\/\">Betriebsruhe 06.04.2026-03.05.2026<\/a><\/li>\n<li><a class=\"wp-block-latest-posts__post-title\" href=\"https:\/\/koednitzhof.at\/gasthof\/index.php\/2025\/11\/27\/newsletter-gefaellig-wenn-dann-modern\/\">Newsletter gef\u00e4llig? Wenn, dann modern!<\/a><\/li>\n<\/ul>\n\n\n<h2 class=\"wp-block-heading\">Folgst du uns schon?<\/h2>\n\n\n\n<ul class=\"wp-block-social-links has-icon-color has-icon-background-color is-layout-flex wp-container-core-social-links-is-layout-4c5f8a1b wp-block-social-links-is-layout-flex\" style=\"margin-top:0;margin-bottom:0\"><li style=\"color: var(--ast-global-color-5); background-color: #ff6900; \" class=\"wp-social-link wp-social-link-facebook has-ast-global-color-5-color has-luminous-vivid-orange-background-color wp-block-social-link\"><a href=\"https:\/\/www.facebook.com\/p\/Gasthof-K%C3%B6dnitzhof-100078694844047\/?_rdr\" class=\"wp-block-social-link-anchor\"><svg width=\"24\" height=\"24\" viewBox=\"0 0 24 24\" version=\"1.1\" xmlns=\"http:\/\/www.w3.org\/2000\/svg\" aria-hidden=\"true\" focusable=\"false\"><path d=\"M12 2C6.5 2 2 6.5 2 12c0 5 3.7 9.1 8.4 9.9v-7H7.9V12h2.5V9.8c0-2.5 1.5-3.9 3.8-3.9 1.1 0 2.2.2 2.2.2v2.5h-1.3c-1.2 0-1.6.8-1.6 1.6V12h2.8l-.4 2.9h-2.3v7C18.3 21.1 22 17 22 12c0-5.5-4.5-10-10-10z\"><\/path><\/svg><span class=\"wp-block-social-link-label screen-reader-text\">Facebook<\/span><\/a><\/li>\n\n<li style=\"color: var(--ast-global-color-5); background-color: #ff6900; \" class=\"wp-social-link wp-social-link-instagram has-ast-global-color-5-color has-luminous-vivid-orange-background-color wp-block-social-link\"><a href=\"https:\/\/www.instagram.com\/gasthof_koednitzhof_kals\/\" class=\"wp-block-social-link-anchor\"><svg width=\"24\" height=\"24\" viewBox=\"0 0 24 24\" version=\"1.1\" xmlns=\"http:\/\/www.w3.org\/2000\/svg\" aria-hidden=\"true\" focusable=\"false\"><path d=\"M12,4.622c2.403,0,2.688,0.009,3.637,0.052c0.877,0.04,1.354,0.187,1.671,0.31c0.42,0.163,0.72,0.358,1.035,0.673 c0.315,0.315,0.51,0.615,0.673,1.035c0.123,0.317,0.27,0.794,0.31,1.671c0.043,0.949,0.052,1.234,0.052,3.637 s-0.009,2.688-0.052,3.637c-0.04,0.877-0.187,1.354-0.31,1.671c-0.163,0.42-0.358,0.72-0.673,1.035 c-0.315,0.315-0.615,0.51-1.035,0.673c-0.317,0.123-0.794,0.27-1.671,0.31c-0.949,0.043-1.233,0.052-3.637,0.052 s-2.688-0.009-3.637-0.052c-0.877-0.04-1.354-0.187-1.671-0.31c-0.42-0.163-0.72-0.358-1.035-0.673 c-0.315-0.315-0.51-0.615-0.673-1.035c-0.123-0.317-0.27-0.794-0.31-1.671C4.631,14.688,4.622,14.403,4.622,12 s0.009-2.688,0.052-3.637c0.04-0.877,0.187-1.354,0.31-1.671c0.163-0.42,0.358-0.72,0.673-1.035 c0.315-0.315,0.615-0.51,1.035-0.673c0.317-0.123,0.794-0.27,1.671-0.31C9.312,4.631,9.597,4.622,12,4.622 M12,3 C9.556,3,9.249,3.01,8.289,3.054C7.331,3.098,6.677,3.25,6.105,3.472C5.513,3.702,5.011,4.01,4.511,4.511 c-0.5,0.5-0.808,1.002-1.038,1.594C3.25,6.677,3.098,7.331,3.054,8.289C3.01,9.249,3,9.556,3,12c0,2.444,0.01,2.751,0.054,3.711 c0.044,0.958,0.196,1.612,0.418,2.185c0.23,0.592,0.538,1.094,1.038,1.594c0.5,0.5,1.002,0.808,1.594,1.038 c0.572,0.222,1.227,0.375,2.185,0.418C9.249,20.99,9.556,21,12,21s2.751-0.01,3.711-0.054c0.958-0.044,1.612-0.196,2.185-0.418 c0.592-0.23,1.094-0.538,1.594-1.038c0.5-0.5,0.808-1.002,1.038-1.594c0.222-0.572,0.375-1.227,0.418-2.185 C20.99,14.751,21,14.444,21,12s-0.01-2.751-0.054-3.711c-0.044-0.958-0.196-1.612-0.418-2.185c-0.23-0.592-0.538-1.094-1.038-1.594 c-0.5-0.5-1.002-0.808-1.594-1.038c-0.572-0.222-1.227-0.375-2.185-0.418C14.751,3.01,14.444,3,12,3L12,3z M12,7.378 c-2.552,0-4.622,2.069-4.622,4.622S9.448,16.622,12,16.622s4.622-2.069,4.622-4.622S14.552,7.378,12,7.378z M12,15 c-1.657,0-3-1.343-3-3s1.343-3,3-3s3,1.343,3,3S13.657,15,12,15z M16.804,6.116c-0.596,0-1.08,0.484-1.08,1.08 s0.484,1.08,1.08,1.08c0.596,0,1.08-0.484,1.08-1.08S17.401,6.116,16.804,6.116z\"><\/path><\/svg><span class=\"wp-block-social-link-label screen-reader-text\">Instagram<\/span><\/a><\/li>\n\n<li style=\"color: var(--ast-global-color-5); background-color: #ff6900; \" class=\"wp-social-link wp-social-link-whatsapp has-ast-global-color-5-color has-luminous-vivid-orange-background-color wp-block-social-link\"><a href=\"https:\/\/wa.me\/message\/PJRDVV5OWBRLI1\" class=\"wp-block-social-link-anchor\"><svg width=\"24\" height=\"24\" viewBox=\"0 0 24 24\" version=\"1.1\" xmlns=\"http:\/\/www.w3.org\/2000\/svg\" aria-hidden=\"true\" focusable=\"false\"><path d=\"M 12.011719 2 C 6.5057187 2 2.0234844 6.478375 2.0214844 11.984375 C 2.0204844 13.744375 2.4814687 15.462563 3.3554688 16.976562 L 2 22 L 7.2324219 20.763672 C 8.6914219 21.559672 10.333859 21.977516 12.005859 21.978516 L 12.009766 21.978516 C 17.514766 21.978516 21.995047 17.499141 21.998047 11.994141 C 22.000047 9.3251406 20.962172 6.8157344 19.076172 4.9277344 C 17.190172 3.0407344 14.683719 2.001 12.011719 2 z M 12.009766 4 C 14.145766 4.001 16.153109 4.8337969 17.662109 6.3417969 C 19.171109 7.8517969 20.000047 9.8581875 19.998047 11.992188 C 19.996047 16.396187 16.413812 19.978516 12.007812 19.978516 C 10.674812 19.977516 9.3544062 19.642812 8.1914062 19.007812 L 7.5175781 18.640625 L 6.7734375 18.816406 L 4.8046875 19.28125 L 5.2851562 17.496094 L 5.5019531 16.695312 L 5.0878906 15.976562 C 4.3898906 14.768562 4.0204844 13.387375 4.0214844 11.984375 C 4.0234844 7.582375 7.6067656 4 12.009766 4 z M 8.4765625 7.375 C 8.3095625 7.375 8.0395469 7.4375 7.8105469 7.6875 C 7.5815469 7.9365 6.9355469 8.5395781 6.9355469 9.7675781 C 6.9355469 10.995578 7.8300781 12.182609 7.9550781 12.349609 C 8.0790781 12.515609 9.68175 15.115234 12.21875 16.115234 C 14.32675 16.946234 14.754891 16.782234 15.212891 16.740234 C 15.670891 16.699234 16.690438 16.137687 16.898438 15.554688 C 17.106437 14.971687 17.106922 14.470187 17.044922 14.367188 C 16.982922 14.263188 16.816406 14.201172 16.566406 14.076172 C 16.317406 13.951172 15.090328 13.348625 14.861328 13.265625 C 14.632328 13.182625 14.464828 13.140625 14.298828 13.390625 C 14.132828 13.640625 13.655766 14.201187 13.509766 14.367188 C 13.363766 14.534188 13.21875 14.556641 12.96875 14.431641 C 12.71875 14.305641 11.914938 14.041406 10.960938 13.191406 C 10.218937 12.530406 9.7182656 11.714844 9.5722656 11.464844 C 9.4272656 11.215844 9.5585938 11.079078 9.6835938 10.955078 C 9.7955938 10.843078 9.9316406 10.663578 10.056641 10.517578 C 10.180641 10.371578 10.223641 10.267562 10.306641 10.101562 C 10.389641 9.9355625 10.347156 9.7890625 10.285156 9.6640625 C 10.223156 9.5390625 9.737625 8.3065 9.515625 7.8125 C 9.328625 7.3975 9.131125 7.3878594 8.953125 7.3808594 C 8.808125 7.3748594 8.6425625 7.375 8.4765625 7.375 z\"><\/path><\/svg><span class=\"wp-block-social-link-label screen-reader-text\">WhatsApp<\/span><\/a><\/li><\/ul>\n\n\n\n<p><\/p>\n","protected":false},"excerpt":{"rendered":"<p>Liebe G\u00e4ste, ab dem 06.04.2026-03.05.2026 haben wir Betriebsruhe. Wir danken alle f\u00fcr die tolle Wintersaison und freuen uns auf ein Wiedersehen im Sommer. Euer Team vom K\u00f6dnitzhof Aktuell Folgst du uns schon?<\/p>\n","protected":false},"author":1,"featured_media":0,"parent":0,"menu_order":0,"comment_status":"closed","ping_status":"closed","template":"","meta":{"site-sidebar-layout":"default","site-content-layout":"","ast-site-content-layout":"default","site-content-style":"default","site-sidebar-style":"default","ast-global-header-display":"","ast-banner-title-visibility":"","ast-main-header-display":"","ast-hfb-above-header-display":"","ast-hfb-below-header-display":"","ast-hfb-mobile-header-display":"","site-post-title":"disabled","ast-breadcrumbs-content":"","ast-featured-img":"","footer-sml-layout":"","theme-transparent-header-meta":"","adv-header-id-meta":"","stick-header-meta":"","header-above-stick-meta":"","header-main-stick-meta":"","header-below-stick-meta":"","astra-migrate-meta-layouts":"set","ast-page-background-enabled":"default","ast-page-background-meta":{"desktop":{"background-color":"var(--ast-global-color-4)","background-image":"","background-repeat":"repeat","background-position":"center center","background-size":"auto","background-attachment":"scroll","background-type":"","background-media":"","overlay-type":"","overlay-color":"","overlay-opacity":"","overlay-gradient":""},"tablet":{"background-color":"","background-image":"","background-repeat":"repeat","background-position":"center center","background-size":"auto","background-attachment":"scroll","background-type":"","background-media":"","overlay-type":"","overlay-color":"","overlay-opacity":"","overlay-gradient":""},"mobile":{"background-color":"","background-image":"","background-repeat":"repeat","background-position":"center center","background-size":"auto","background-attachment":"scroll","background-type":"","background-media":"","overlay-type":"","overlay-color":"","overlay-opacity":"","overlay-gradient":""}},"ast-content-background-meta":{"desktop":{"background-color":"var(--ast-global-color-5)","background-image":"","background-repeat":"repeat","background-position":"center center","background-size":"auto","background-attachment":"scroll","background-type":"","background-media":"","overlay-type":"","overlay-color":"","overlay-opacity":"","overlay-gradient":""},"tablet":{"background-color":"var(--ast-global-color-5)","background-image":"","background-repeat":"repeat","background-position":"center center","background-size":"auto","background-attachment":"scroll","background-type":"","background-media":"","overlay-type":"","overlay-color":"","overlay-opacity":"","overlay-gradient":""},"mobile":{"background-color":"var(--ast-global-color-5)","background-image":"","background-repeat":"repeat","background-position":"center center","background-size":"auto","background-attachment":"scroll","background-type":"","background-media":"","overlay-type":"","overlay-color":"","overlay-opacity":"","overlay-gradient":""}},"ngg_post_thumbnail":0,"footnotes":""},"class_list":["post-1049","page","type-page","status-publish","hentry"],"_links":{"self":[{"href":"https:\/\/koednitzhof.at\/gasthof\/index.php\/wp-json\/wp\/v2\/pages\/1049","targetHints":{"allow":["GET"]}}],"collection":[{"href":"https:\/\/koednitzhof.at\/gasthof\/index.php\/wp-json\/wp\/v2\/pages"}],"about":[{"href":"https:\/\/koednitzhof.at\/gasthof\/index.php\/wp-json\/wp\/v2\/types\/page"}],"author":[{"embeddable":true,"href":"https:\/\/koednitzhof.at\/gasthof\/index.php\/wp-json\/wp\/v2\/users\/1"}],"replies":[{"embeddable":true,"href":"https:\/\/koednitzhof.at\/gasthof\/index.php\/wp-json\/wp\/v2\/comments?post=1049"}],"version-history":[{"count":133,"href":"https:\/\/koednitzhof.at\/gasthof\/index.php\/wp-json\/wp\/v2\/pages\/1049\/revisions"}],"predecessor-version":[{"id":1670,"href":"https:\/\/koednitzhof.at\/gasthof\/index.php\/wp-json\/wp\/v2\/pages\/1049\/revisions\/1670"}],"wp:attachment":[{"href":"https:\/\/koednitzhof.at\/gasthof\/index.php\/wp-json\/wp\/v2\/media?parent=1049"}],"curies":[{"name":"wp","href":"https:\/\/api.w.org\/{rel}","templated":true}]}}