{"id":111,"date":"2023-03-26T12:32:52","date_gmt":"2023-03-26T12:32:52","guid":{"rendered":"https:\/\/koednitzhof.at\/gasthof\/?page_id=111"},"modified":"2026-02-27T16:13:25","modified_gmt":"2026-02-27T15:13:25","slug":"wohnen-und-schlafen-im-koednitzhof","status":"publish","type":"page","link":"https:\/\/koednitzhof.at\/gasthof\/index.php\/wohnen-und-schlafen-im-koednitzhof\/","title":{"rendered":"Wohnen und schlafen im K\u00f6dnitzhof"},"content":{"rendered":"\n<figure class=\"wp-block-image size-full\"><img loading=\"lazy\" decoding=\"async\" width=\"1920\" height=\"1012\" src=\"https:\/\/koednitzhof.at\/gasthof\/wp-content\/uploads\/2023\/03\/Zimmer_Titel-1.png\" alt=\"Gasthof K\u00f6dnitzhof\" class=\"wp-image-116\" srcset=\"https:\/\/koednitzhof.at\/gasthof\/wp-content\/uploads\/2023\/03\/Zimmer_Titel-1.png 1920w, https:\/\/koednitzhof.at\/gasthof\/wp-content\/uploads\/2023\/03\/Zimmer_Titel-1-300x158.png 300w, https:\/\/koednitzhof.at\/gasthof\/wp-content\/uploads\/2023\/03\/Zimmer_Titel-1-1024x540.png 1024w, https:\/\/koednitzhof.at\/gasthof\/wp-content\/uploads\/2023\/03\/Zimmer_Titel-1-768x405.png 768w, https:\/\/koednitzhof.at\/gasthof\/wp-content\/uploads\/2023\/03\/Zimmer_Titel-1-1536x810.png 1536w\" sizes=\"auto, (max-width: 1920px) 100vw, 1920px\" \/><\/figure>\n\n\n\n<p>Unsere gem\u00fctlichen, rauchfreien Zimmer laden zum Wohlf\u00fchlen und Entspannen ein. Ausgestattet mit Dusche\/WC, TV und Haartrockner bieten sie den perfekten R\u00fcckzugsort f\u00fcr Paare, Familien oder Freunde. Die Vierbettzimmer mit zwei separaten R\u00e4umen schenken jedem Gast ausreichend Platz und Privatsph\u00e4re \u2013 ideal, um gemeinsam sch\u00f6ne Momente zu genie\u00dfen.<\/p>\n\n\n\n<p>Im ersten Stock erwartet Sie unser liebevoll gestalteter Wellnessbereich \u2013 ein Ort, an dem K\u00f6rper und Seele neue Kraft sch\u00f6pfen k\u00f6nnen. Lassen Sie den Alltagsstress hinter sich und genie\u00dfen Sie erholsame Stunden in der Finnischen Sauna oder der wohltuenden Infrarot-Kabine. Anschlie\u00dfend k\u00f6nnen Sie im hellen Ruheraum auf komfortablen Liegen entspannen, den Blick auf den Balkon schweifen lassen und einfach die Seele baumeln lassen. Hier tanken Sie Energie und finden Ruhe \u2013 ein kleines St\u00fcckchen Paradies nur f\u00fcr Sie.<\/p>\n\n\n\n<div class=\"wp-block-buttons is-content-justification-center is-layout-flex wp-container-core-buttons-is-layout-a89b3969 wp-block-buttons-is-layout-flex\">\n<div class=\"wp-block-button is-style-fill\"><a class=\"wp-block-button__link has-ast-global-color-2-color has-luminous-vivid-amber-background-color has-text-color has-background has-link-color wp-element-button\" href=\"https:\/\/koednitzhof.at\/gasthof\/index.php\/angebote\/\"><strong>Jetzt online buchen<\/strong><\/a><\/div>\n<\/div>\n\n\n\nngg_shortcode_0_placeholder\n\n\n\n<div class=\"wp-block-buttons is-content-justification-center is-layout-flex wp-container-core-buttons-is-layout-a89b3969 wp-block-buttons-is-layout-flex\"><\/div>\n\n\n\n<div class=\"wp-block-buttons is-content-justification-center is-layout-flex wp-container-core-buttons-is-layout-a89b3969 wp-block-buttons-is-layout-flex\"><\/div>\n","protected":false},"excerpt":{"rendered":"<p>Unsere gem\u00fctlichen, rauchfreien Zimmer laden zum Wohlf\u00fchlen und Entspannen ein. Ausgestattet mit Dusche\/WC, TV und Haartrockner bieten sie den perfekten R\u00fcckzugsort f\u00fcr Paare, Familien oder Freunde. Die Vierbettzimmer mit zwei separaten R\u00e4umen schenken jedem Gast ausreichend Platz und Privatsph\u00e4re \u2013 ideal, um gemeinsam sch\u00f6ne Momente zu genie\u00dfen. Im ersten Stock erwartet Sie unser liebevoll gestalteter [&hellip;]<\/p>\n","protected":false},"author":1,"featured_media":0,"parent":0,"menu_order":0,"comment_status":"closed","ping_status":"closed","template":"","meta":{"site-sidebar-layout":"default","site-content-layout":"","ast-site-content-layout":"default","site-content-style":"default","site-sidebar-style":"default","ast-global-header-display":"","ast-banner-title-visibility":"","ast-main-header-display":"","ast-hfb-above-header-display":"","ast-hfb-below-header-display":"","ast-hfb-mobile-header-display":"","site-post-title":"","ast-breadcrumbs-content":"","ast-featured-img":"","footer-sml-layout":"","theme-transparent-header-meta":"","adv-header-id-meta":"","stick-header-meta":"","header-above-stick-meta":"","header-main-stick-meta":"","header-below-stick-meta":"","astra-migrate-meta-layouts":"set","ast-page-background-enabled":"default","ast-page-background-meta":{"desktop":{"background-color":"var(--ast-global-color-4)","background-image":"","background-repeat":"repeat","background-position":"center center","background-size":"auto","background-attachment":"scroll","background-type":"","background-media":"","overlay-type":"","overlay-color":"","overlay-opacity":"","overlay-gradient":""},"tablet":{"background-color":"","background-image":"","background-repeat":"repeat","background-position":"center center","background-size":"auto","background-attachment":"scroll","background-type":"","background-media":"","overlay-type":"","overlay-color":"","overlay-opacity":"","overlay-gradient":""},"mobile":{"background-color":"","background-image":"","background-repeat":"repeat","background-position":"center center","background-size":"auto","background-attachment":"scroll","background-type":"","background-media":"","overlay-type":"","overlay-color":"","overlay-opacity":"","overlay-gradient":""}},"ast-content-background-meta":{"desktop":{"background-color":"var(--ast-global-color-5)","background-image":"","background-repeat":"repeat","background-position":"center center","background-size":"auto","background-attachment":"scroll","background-type":"","background-media":"","overlay-type":"","overlay-color":"","overlay-opacity":"","overlay-gradient":""},"tablet":{"background-color":"var(--ast-global-color-5)","background-image":"","background-repeat":"repeat","background-position":"center center","background-size":"auto","background-attachment":"scroll","background-type":"","background-media":"","overlay-type":"","overlay-color":"","overlay-opacity":"","overlay-gradient":""},"mobile":{"background-color":"var(--ast-global-color-5)","background-image":"","background-repeat":"repeat","background-position":"center center","background-size":"auto","background-attachment":"scroll","background-type":"","background-media":"","overlay-type":"","overlay-color":"","overlay-opacity":"","overlay-gradient":""}},"ngg_post_thumbnail":0,"footnotes":""},"class_list":["post-111","page","type-page","status-publish","hentry"],"_links":{"self":[{"href":"https:\/\/koednitzhof.at\/gasthof\/index.php\/wp-json\/wp\/v2\/pages\/111","targetHints":{"allow":["GET"]}}],"collection":[{"href":"https:\/\/koednitzhof.at\/gasthof\/index.php\/wp-json\/wp\/v2\/pages"}],"about":[{"href":"https:\/\/koednitzhof.at\/gasthof\/index.php\/wp-json\/wp\/v2\/types\/page"}],"author":[{"embeddable":true,"href":"https:\/\/koednitzhof.at\/gasthof\/index.php\/wp-json\/wp\/v2\/users\/1"}],"replies":[{"embeddable":true,"href":"https:\/\/koednitzhof.at\/gasthof\/index.php\/wp-json\/wp\/v2\/comments?post=111"}],"version-history":[{"count":19,"href":"https:\/\/koednitzhof.at\/gasthof\/index.php\/wp-json\/wp\/v2\/pages\/111\/revisions"}],"predecessor-version":[{"id":1629,"href":"https:\/\/koednitzhof.at\/gasthof\/index.php\/wp-json\/wp\/v2\/pages\/111\/revisions\/1629"}],"wp:attachment":[{"href":"https:\/\/koednitzhof.at\/gasthof\/index.php\/wp-json\/wp\/v2\/media?parent=111"}],"curies":[{"name":"wp","href":"https:\/\/api.w.org\/{rel}","templated":true}]}}