{"id":1416,"date":"2025-11-16T17:52:43","date_gmt":"2025-11-16T16:52:43","guid":{"rendered":"https:\/\/koednitzhof.at\/gasthof\/?page_id=1416"},"modified":"2026-02-27T16:11:22","modified_gmt":"2026-02-27T15:11:22","slug":"willkommen-bei-der-familie-berger-im-koednitzhof","status":"publish","type":"page","link":"https:\/\/koednitzhof.at\/gasthof\/index.php\/willkommen-bei-der-familie-berger-im-koednitzhof\/","title":{"rendered":"Willkommen bei der Familie Berger im K\u00f6dnitzhof in Kals am Gro\u00dfglockner"},"content":{"rendered":"\n<figure class=\"wp-block-image size-large\"><img loading=\"lazy\" decoding=\"async\" width=\"1599\" height=\"900\" src=\"https:\/\/koednitzhof.at\/gasthof\/wp-content\/uploads\/2026\/01\/kals_koednitzhof_4935-edited.jpg\" alt=\"\" class=\"wp-image-1600\" srcset=\"https:\/\/koednitzhof.at\/gasthof\/wp-content\/uploads\/2026\/01\/kals_koednitzhof_4935-edited.jpg 1599w, https:\/\/koednitzhof.at\/gasthof\/wp-content\/uploads\/2026\/01\/kals_koednitzhof_4935-edited-300x169.jpg 300w, https:\/\/koednitzhof.at\/gasthof\/wp-content\/uploads\/2026\/01\/kals_koednitzhof_4935-edited-1024x576.jpg 1024w, https:\/\/koednitzhof.at\/gasthof\/wp-content\/uploads\/2026\/01\/kals_koednitzhof_4935-edited-768x432.jpg 768w, https:\/\/koednitzhof.at\/gasthof\/wp-content\/uploads\/2026\/01\/kals_koednitzhof_4935-edited-1536x865.jpg 1536w\" sizes=\"auto, (max-width: 1599px) 100vw, 1599px\" \/><\/figure>\n\n\n\n<p>Wer ein gro\u00dfes, standardisiertes Hotel sucht, ist bei uns im K\u00f6dnitzhof vielleicht an der falschen Adresse \u2013 und das sagen wir voller Liebe. Denn im K\u00f6dnitzhof findet man weder anonyme Mitarbeitende noch gleichf\u00f6rmige Zimmer oder routinierte Abl\u00e4ufe. Bei uns ist vieles ein bisschen anders. <strong>Pers\u00f6nlicher, menschlicher, echter<\/strong> \u2013 so, wie wir es seit jeher leben.<br><br><strong>Was macht den K\u00f6dnitzhof in Kals am Gro\u00dfglockner aus?<\/strong><br>Seit <strong>95 Jahren<\/strong> steht unser Gasthof K\u00f6dnitzhof f\u00fcr gelebte <strong>Tradition<\/strong>, ehrliche <strong>Authentizit\u00e4t<\/strong> und herzliche <strong>Gastfreundschaft<\/strong>. Drei Generationen haben bisher dieses Haus gepr\u00e4gt, und trotz aller Herausforderungen f\u00fchren wir es heute noch mit derselben Leidenschaft in der vierten Generation weiter. Denn wer seinen Beruf als Berufung lebt, der wei\u00df: Ein Gasthof wie unserer ist nicht einfach ein Betrieb, sondern ein St\u00fcck Familiengeschichte.<br><br><strong>Und wenn unsere W\u00e4nde erz\u00e4hlen k\u00f6nnten\u2026<\/strong><br>\u2026dann w\u00e4ren es unz\u00e4hlige Geschichten: von Familien, die \u00fcber Generationen zu Freunden wurden, von Wanderer, die hier ihre Kraft wiedergefunden haben, von herzhaften Mahlzeiten, die man nie vergisst, und von Momenten, in denen das Lachen durchs ganze Haus hallte. Jeder Raum tr\u00e4gt seine eigenen Erinnerungen, und jede davon macht den K\u00f6dnitzhof zu dem Ort, der er heute ist.<br><br>Unser Gasthof ist der <strong>\u00e4lteste in Kals<\/strong> <strong>am Gro\u00dfglockner<\/strong> \u2013 und wir finden, das sp\u00fcrt man. Die knarrenden Dielen, die Mischung aus traditioneller Architektur und liebevoll erg\u00e4nzten neuen Elementen, der unverwechselbare Charakter in jedem Winkel: All das erz\u00e4hlt Geschichten aus einer Zeit, in der Gastlichkeit noch pers\u00f6nlicher war und Traditionen noch tiefer im Alltag verwurzelt.<br><br>Gro\u00dfe Hotels mit vielen Angestellten und standardisierten Abl\u00e4ufen m\u00f6gen f\u00fcr manche das Richtige sein \u2013 f\u00fcr uns aber z\u00e4hlt etwas anderes. Wir sind ein kleines, herzliches Team, das jeden Tag sein Bestes gibt, damit Ihr Aufenthalt nicht einfach \u201eangenehm\u201c, sondern wirklich <strong>besonders<\/strong> wird. Jede Mitarbeiterin und jeder Mitarbeiter im K\u00f6dnitzhof geh\u00f6rt bei uns zur Familie \u2013 und genau dieses Gef\u00fchl tragen wir weiter an unsere G\u00e4ste.<br><br>Unser gr\u00f6\u00dfter Wunsch ist, dass Sie sich bei uns nicht wie in einem Hotel f\u00fchlen, sondern <strong>wie zuhause<\/strong>: umsorgt, willkommen und ganz einfach angekommen.<br><br>Hier ein paar Eindr\u00fccke vom unserem K\u00f6dnitzhof in Kals am Gro\u00dfglockner:<\/p>\n\n\n\n<div class=\"wp-block-group is-layout-constrained wp-block-group-is-layout-constrained\">\nngg_shortcode_0_placeholder\n<\/div>\n\n\n\n<div class=\"wp-block-buttons is-content-justification-center is-layout-flex wp-container-core-buttons-is-layout-a89b3969 wp-block-buttons-is-layout-flex\">\n<div class=\"wp-block-button\"><a class=\"wp-block-button__link has-black-color has-luminous-vivid-amber-background-color has-text-color has-background has-link-color wp-element-button\" href=\"https:\/\/koednitzhof.at\/gasthof\/\"><strong>Jetzt unser Haus entdecken<\/strong><\/a><\/div>\n<\/div>\n","protected":false},"excerpt":{"rendered":"<p>Wer ein gro\u00dfes, standardisiertes Hotel sucht, ist bei uns im K\u00f6dnitzhof vielleicht an der falschen Adresse \u2013 und das sagen wir voller Liebe. Denn im K\u00f6dnitzhof findet man weder anonyme Mitarbeitende noch gleichf\u00f6rmige Zimmer oder routinierte Abl\u00e4ufe. Bei uns ist vieles ein bisschen anders. Pers\u00f6nlicher, menschlicher, echter \u2013 so, wie wir es seit jeher leben. [&hellip;]<\/p>\n","protected":false},"author":1,"featured_media":0,"parent":0,"menu_order":0,"comment_status":"closed","ping_status":"closed","template":"","meta":{"site-sidebar-layout":"default","site-content-layout":"","ast-site-content-layout":"default","site-content-style":"default","site-sidebar-style":"default","ast-global-header-display":"","ast-banner-title-visibility":"","ast-main-header-display":"","ast-hfb-above-header-display":"","ast-hfb-below-header-display":"","ast-hfb-mobile-header-display":"","site-post-title":"","ast-breadcrumbs-content":"","ast-featured-img":"","footer-sml-layout":"","theme-transparent-header-meta":"","adv-header-id-meta":"","stick-header-meta":"","header-above-stick-meta":"","header-main-stick-meta":"","header-below-stick-meta":"","astra-migrate-meta-layouts":"set","ast-page-background-enabled":"default","ast-page-background-meta":{"desktop":{"background-color":"var(--ast-global-color-4)","background-image":"","background-repeat":"repeat","background-position":"center center","background-size":"auto","background-attachment":"scroll","background-type":"","background-media":"","overlay-type":"","overlay-color":"","overlay-opacity":"","overlay-gradient":""},"tablet":{"background-color":"","background-image":"","background-repeat":"repeat","background-position":"center center","background-size":"auto","background-attachment":"scroll","background-type":"","background-media":"","overlay-type":"","overlay-color":"","overlay-opacity":"","overlay-gradient":""},"mobile":{"background-color":"","background-image":"","background-repeat":"repeat","background-position":"center center","background-size":"auto","background-attachment":"scroll","background-type":"","background-media":"","overlay-type":"","overlay-color":"","overlay-opacity":"","overlay-gradient":""}},"ast-content-background-meta":{"desktop":{"background-color":"var(--ast-global-color-5)","background-image":"","background-repeat":"repeat","background-position":"center center","background-size":"auto","background-attachment":"scroll","background-type":"","background-media":"","overlay-type":"","overlay-color":"","overlay-opacity":"","overlay-gradient":""},"tablet":{"background-color":"var(--ast-global-color-5)","background-image":"","background-repeat":"repeat","background-position":"center center","background-size":"auto","background-attachment":"scroll","background-type":"","background-media":"","overlay-type":"","overlay-color":"","overlay-opacity":"","overlay-gradient":""},"mobile":{"background-color":"var(--ast-global-color-5)","background-image":"","background-repeat":"repeat","background-position":"center center","background-size":"auto","background-attachment":"scroll","background-type":"","background-media":"","overlay-type":"","overlay-color":"","overlay-opacity":"","overlay-gradient":""}},"ngg_post_thumbnail":0,"footnotes":""},"class_list":["post-1416","page","type-page","status-publish","hentry"],"_links":{"self":[{"href":"https:\/\/koednitzhof.at\/gasthof\/index.php\/wp-json\/wp\/v2\/pages\/1416","targetHints":{"allow":["GET"]}}],"collection":[{"href":"https:\/\/koednitzhof.at\/gasthof\/index.php\/wp-json\/wp\/v2\/pages"}],"about":[{"href":"https:\/\/koednitzhof.at\/gasthof\/index.php\/wp-json\/wp\/v2\/types\/page"}],"author":[{"embeddable":true,"href":"https:\/\/koednitzhof.at\/gasthof\/index.php\/wp-json\/wp\/v2\/users\/1"}],"replies":[{"embeddable":true,"href":"https:\/\/koednitzhof.at\/gasthof\/index.php\/wp-json\/wp\/v2\/comments?post=1416"}],"version-history":[{"count":16,"href":"https:\/\/koednitzhof.at\/gasthof\/index.php\/wp-json\/wp\/v2\/pages\/1416\/revisions"}],"predecessor-version":[{"id":1626,"href":"https:\/\/koednitzhof.at\/gasthof\/index.php\/wp-json\/wp\/v2\/pages\/1416\/revisions\/1626"}],"wp:attachment":[{"href":"https:\/\/koednitzhof.at\/gasthof\/index.php\/wp-json\/wp\/v2\/media?parent=1416"}],"curies":[{"name":"wp","href":"https:\/\/api.w.org\/{rel}","templated":true}]}}