{"id":1528,"date":"2026-01-14T17:07:14","date_gmt":"2026-01-14T16:07:14","guid":{"rendered":"https:\/\/koednitzhof.at\/gasthof\/?page_id=1528"},"modified":"2026-01-15T12:37:09","modified_gmt":"2026-01-15T11:37:09","slug":"unser-maerz-angebot-fuer-uebernachtung-mit-fruehstueck","status":"publish","type":"page","link":"https:\/\/koednitzhof.at\/gasthof\/index.php\/unser-maerz-angebot-fuer-uebernachtung-mit-fruehstueck\/","title":{"rendered":"Unser M\u00e4rz Angebot f\u00fcr \u00dcbernachtung mit Fr\u00fchst\u00fcck"},"content":{"rendered":"\n<p class=\"has-text-align-center has-medium-font-size\"><strong>Ab jetzt ganz neu bei uns im K\u00f6dnitzhof:<\/strong><br>Im M\u00e4rz 2026 gibt es ein spezielles Angebot f\u00fcr euch.<br><br>Wie w\u00e4re es denn mit einem kurzen Wochenendtrip nach Kals? Zum entspannten Skifahren, sorgenlosen Schneeschuhwandern oder um das Wetter und die idyllische Aussicht bei einer Winterwanderung zu genie\u00dfen? Eine kleine Auszeit vom Alltag braucht doch jeder mal.<br><br>Klingt gut? Finden wir auch \u2013 deshalb haben wir f\u00fcr euch ein unschlagbares Angebot kreiert:<\/p>\n\n\n\n<p class=\"has-text-align-center has-medium-font-size\">Wenn ihr 2 N\u00e4chte bei uns im Haus \u00fcbernachtet, zahlt ihr nur noch <strong>50,00 \u20ac<\/strong> pro Person, pro Nacht inklusive Fr\u00fchst\u00fcck<sup data-fn=\"40390a79-17b1-4b30-8385-858321c701e5\" class=\"fn\"><a href=\"#40390a79-17b1-4b30-8385-858321c701e5\" id=\"40390a79-17b1-4b30-8385-858321c701e5-link\">1<\/a><\/sup><\/p>\n\n\n\n<p class=\"has-text-align-center has-medium-font-size\"><strong>Also, worauf wartet ihr noch? Direkt \u00fcben den unten stehenden Button einfach buchen.<\/strong><\/p>\n\n\n\n<div class=\"wp-block-buttons is-content-justification-center is-layout-flex wp-container-core-buttons-is-layout-a89b3969 wp-block-buttons-is-layout-flex\" style=\"border-style:none;border-width:0px\">\n<div class=\"wp-block-button\"><a class=\"wp-block-button__link has-black-color has-luminous-vivid-amber-background-color has-text-color has-background has-link-color wp-element-button\" href=\"https:\/\/koednitzhof.at\/gasthof\/index.php\/angebote\/\" style=\"border-style:none;border-width:0px\"><strong>Zur Buchung<\/strong><\/a><\/div>\n<\/div>\n\n\n\n<figure class=\"wp-block-gallery has-nested-images columns-default is-cropped wp-block-gallery-1 is-layout-flex wp-block-gallery-is-layout-flex\">\n<figure class=\"wp-block-image size-large\"><img loading=\"lazy\" decoding=\"async\" width=\"1024\" height=\"576\" data-id=\"848\" src=\"https:\/\/koednitzhof.at\/gasthof\/wp-content\/uploads\/2024\/10\/IMG-20240822-WA0010-1-edited-1024x576.jpg\" alt=\"\" class=\"wp-image-848\" srcset=\"https:\/\/koednitzhof.at\/gasthof\/wp-content\/uploads\/2024\/10\/IMG-20240822-WA0010-1-edited-1024x576.jpg 1024w, https:\/\/koednitzhof.at\/gasthof\/wp-content\/uploads\/2024\/10\/IMG-20240822-WA0010-1-edited-300x169.jpg 300w, https:\/\/koednitzhof.at\/gasthof\/wp-content\/uploads\/2024\/10\/IMG-20240822-WA0010-1-edited-768x432.jpg 768w, https:\/\/koednitzhof.at\/gasthof\/wp-content\/uploads\/2024\/10\/IMG-20240822-WA0010-1-edited.jpg 1536w\" sizes=\"auto, (max-width: 1024px) 100vw, 1024px\" \/><\/figure>\n\n\n\n<figure class=\"wp-block-image size-large\"><img loading=\"lazy\" decoding=\"async\" width=\"768\" height=\"1024\" data-id=\"814\" src=\"https:\/\/koednitzhof.at\/gasthof\/wp-content\/uploads\/2024\/10\/IMG-20240822-WA0015-768x1024.jpg\" alt=\"\" class=\"wp-image-814\" srcset=\"https:\/\/koednitzhof.at\/gasthof\/wp-content\/uploads\/2024\/10\/IMG-20240822-WA0015-768x1024.jpg 768w, https:\/\/koednitzhof.at\/gasthof\/wp-content\/uploads\/2024\/10\/IMG-20240822-WA0015-225x300.jpg 225w, https:\/\/koednitzhof.at\/gasthof\/wp-content\/uploads\/2024\/10\/IMG-20240822-WA0015-1152x1536.jpg 1152w, https:\/\/koednitzhof.at\/gasthof\/wp-content\/uploads\/2024\/10\/IMG-20240822-WA0015.jpg 1536w\" sizes=\"auto, (max-width: 768px) 100vw, 768px\" \/><\/figure>\n\n\n\n<figure class=\"wp-block-image size-large\"><img loading=\"lazy\" decoding=\"async\" width=\"768\" height=\"1024\" data-id=\"827\" src=\"https:\/\/koednitzhof.at\/gasthof\/wp-content\/uploads\/2024\/10\/IMG-20240822-WA0014-1-768x1024.jpg\" alt=\"\" class=\"wp-image-827\" srcset=\"https:\/\/koednitzhof.at\/gasthof\/wp-content\/uploads\/2024\/10\/IMG-20240822-WA0014-1-768x1024.jpg 768w, https:\/\/koednitzhof.at\/gasthof\/wp-content\/uploads\/2024\/10\/IMG-20240822-WA0014-1-225x300.jpg 225w, https:\/\/koednitzhof.at\/gasthof\/wp-content\/uploads\/2024\/10\/IMG-20240822-WA0014-1-1152x1536.jpg 1152w, https:\/\/koednitzhof.at\/gasthof\/wp-content\/uploads\/2024\/10\/IMG-20240822-WA0014-1.jpg 1536w\" sizes=\"auto, (max-width: 768px) 100vw, 768px\" \/><\/figure>\n\n\n\n<figure class=\"wp-block-image size-large\"><img loading=\"lazy\" decoding=\"async\" width=\"768\" height=\"1024\" data-id=\"847\" src=\"https:\/\/koednitzhof.at\/gasthof\/wp-content\/uploads\/2024\/10\/IMG-20240822-WA0010-1-768x1024.jpg\" alt=\"\" class=\"wp-image-847\" srcset=\"https:\/\/koednitzhof.at\/gasthof\/wp-content\/uploads\/2024\/10\/IMG-20240822-WA0010-1-768x1024.jpg 768w, https:\/\/koednitzhof.at\/gasthof\/wp-content\/uploads\/2024\/10\/IMG-20240822-WA0010-1-225x300.jpg 225w, https:\/\/koednitzhof.at\/gasthof\/wp-content\/uploads\/2024\/10\/IMG-20240822-WA0010-1-1152x1536.jpg 1152w, https:\/\/koednitzhof.at\/gasthof\/wp-content\/uploads\/2024\/10\/IMG-20240822-WA0010-1.jpg 1536w\" sizes=\"auto, (max-width: 768px) 100vw, 768px\" \/><\/figure>\n\n\n\n<figure class=\"wp-block-image size-large\"><img loading=\"lazy\" decoding=\"async\" width=\"768\" height=\"1024\" data-id=\"815\" src=\"https:\/\/koednitzhof.at\/gasthof\/wp-content\/uploads\/2024\/10\/IMG-20240822-WA0019-768x1024.jpg\" alt=\"\" class=\"wp-image-815\" srcset=\"https:\/\/koednitzhof.at\/gasthof\/wp-content\/uploads\/2024\/10\/IMG-20240822-WA0019-768x1024.jpg 768w, https:\/\/koednitzhof.at\/gasthof\/wp-content\/uploads\/2024\/10\/IMG-20240822-WA0019-225x300.jpg 225w, https:\/\/koednitzhof.at\/gasthof\/wp-content\/uploads\/2024\/10\/IMG-20240822-WA0019-1152x1536.jpg 1152w, https:\/\/koednitzhof.at\/gasthof\/wp-content\/uploads\/2024\/10\/IMG-20240822-WA0019.jpg 1536w\" sizes=\"auto, (max-width: 768px) 100vw, 768px\" \/><\/figure>\n\n\n\n<figure class=\"wp-block-image size-large\"><img loading=\"lazy\" decoding=\"async\" width=\"1024\" height=\"768\" data-id=\"606\" src=\"https:\/\/koednitzhof.at\/gasthof\/wp-content\/uploads\/2024\/08\/Winterlandschaft-1-1024x768.jpg\" alt=\"\" class=\"wp-image-606\" srcset=\"https:\/\/koednitzhof.at\/gasthof\/wp-content\/uploads\/2024\/08\/Winterlandschaft-1-1024x768.jpg 1024w, https:\/\/koednitzhof.at\/gasthof\/wp-content\/uploads\/2024\/08\/Winterlandschaft-1-300x225.jpg 300w, https:\/\/koednitzhof.at\/gasthof\/wp-content\/uploads\/2024\/08\/Winterlandschaft-1-768x576.jpg 768w, https:\/\/koednitzhof.at\/gasthof\/wp-content\/uploads\/2024\/08\/Winterlandschaft-1-1536x1152.jpg 1536w, https:\/\/koednitzhof.at\/gasthof\/wp-content\/uploads\/2024\/08\/Winterlandschaft-1.jpg 1600w\" sizes=\"auto, (max-width: 1024px) 100vw, 1024px\" \/><\/figure>\n\n\n\n<figure class=\"wp-block-image size-large\"><img loading=\"lazy\" decoding=\"async\" width=\"1024\" height=\"768\" data-id=\"591\" src=\"https:\/\/koednitzhof.at\/gasthof\/wp-content\/uploads\/2024\/08\/Koednitzhof-WinterSchaefer-008-1-1024x768.jpg\" alt=\"\" class=\"wp-image-591\" srcset=\"https:\/\/koednitzhof.at\/gasthof\/wp-content\/uploads\/2024\/08\/Koednitzhof-WinterSchaefer-008-1-1024x768.jpg 1024w, https:\/\/koednitzhof.at\/gasthof\/wp-content\/uploads\/2024\/08\/Koednitzhof-WinterSchaefer-008-1-300x225.jpg 300w, https:\/\/koednitzhof.at\/gasthof\/wp-content\/uploads\/2024\/08\/Koednitzhof-WinterSchaefer-008-1-768x576.jpg 768w, https:\/\/koednitzhof.at\/gasthof\/wp-content\/uploads\/2024\/08\/Koednitzhof-WinterSchaefer-008-1-1536x1152.jpg 1536w, https:\/\/koednitzhof.at\/gasthof\/wp-content\/uploads\/2024\/08\/Koednitzhof-WinterSchaefer-008-1.jpg 1600w\" sizes=\"auto, (max-width: 1024px) 100vw, 1024px\" \/><\/figure>\n\n\n\n<figure class=\"wp-block-image size-large\"><img loading=\"lazy\" decoding=\"async\" width=\"465\" height=\"350\" data-id=\"589\" src=\"https:\/\/koednitzhof.at\/gasthof\/wp-content\/uploads\/2024\/08\/Koednitzhof-WinterSchaefer-004_Groesse-aendern_Groesse-aendern.jpg\" alt=\"\" class=\"wp-image-589\" srcset=\"https:\/\/koednitzhof.at\/gasthof\/wp-content\/uploads\/2024\/08\/Koednitzhof-WinterSchaefer-004_Groesse-aendern_Groesse-aendern.jpg 465w, https:\/\/koednitzhof.at\/gasthof\/wp-content\/uploads\/2024\/08\/Koednitzhof-WinterSchaefer-004_Groesse-aendern_Groesse-aendern-300x226.jpg 300w\" sizes=\"auto, (max-width: 465px) 100vw, 465px\" \/><\/figure>\n\n\n\n<figure class=\"wp-block-image size-large\"><img loading=\"lazy\" decoding=\"async\" width=\"1024\" height=\"768\" data-id=\"590\" src=\"https:\/\/koednitzhof.at\/gasthof\/wp-content\/uploads\/2024\/08\/Winterlandschaft-2-1024x768.jpg\" alt=\"\" class=\"wp-image-590\" srcset=\"https:\/\/koednitzhof.at\/gasthof\/wp-content\/uploads\/2024\/08\/Winterlandschaft-2-1024x768.jpg 1024w, https:\/\/koednitzhof.at\/gasthof\/wp-content\/uploads\/2024\/08\/Winterlandschaft-2-300x225.jpg 300w, https:\/\/koednitzhof.at\/gasthof\/wp-content\/uploads\/2024\/08\/Winterlandschaft-2-768x576.jpg 768w, https:\/\/koednitzhof.at\/gasthof\/wp-content\/uploads\/2024\/08\/Winterlandschaft-2-1536x1152.jpg 1536w, https:\/\/koednitzhof.at\/gasthof\/wp-content\/uploads\/2024\/08\/Winterlandschaft-2.jpg 1600w\" sizes=\"auto, (max-width: 1024px) 100vw, 1024px\" \/><\/figure>\n\n\n\n<figure class=\"wp-block-image size-large\"><img loading=\"lazy\" decoding=\"async\" width=\"768\" height=\"1024\" data-id=\"1041\" src=\"https:\/\/koednitzhof.at\/gasthof\/wp-content\/uploads\/2025\/01\/IMG_4992-768x1024.jpeg\" alt=\"\" class=\"wp-image-1041\" srcset=\"https:\/\/koednitzhof.at\/gasthof\/wp-content\/uploads\/2025\/01\/IMG_4992-768x1024.jpeg 768w, https:\/\/koednitzhof.at\/gasthof\/wp-content\/uploads\/2025\/01\/IMG_4992-225x300.jpeg 225w, https:\/\/koednitzhof.at\/gasthof\/wp-content\/uploads\/2025\/01\/IMG_4992-1152x1536.jpeg 1152w, https:\/\/koednitzhof.at\/gasthof\/wp-content\/uploads\/2025\/01\/IMG_4992.jpeg 1536w\" sizes=\"auto, (max-width: 768px) 100vw, 768px\" \/><\/figure>\n\n\n\n<figure class=\"wp-block-image size-large\"><img loading=\"lazy\" decoding=\"async\" width=\"1024\" height=\"768\" data-id=\"1039\" src=\"https:\/\/koednitzhof.at\/gasthof\/wp-content\/uploads\/2025\/01\/54FF6D09-823D-44D9-A695-F1F9DA41FEFD-1024x768.jpeg\" alt=\"\" class=\"wp-image-1039\" srcset=\"https:\/\/koednitzhof.at\/gasthof\/wp-content\/uploads\/2025\/01\/54FF6D09-823D-44D9-A695-F1F9DA41FEFD-1024x768.jpeg 1024w, https:\/\/koednitzhof.at\/gasthof\/wp-content\/uploads\/2025\/01\/54FF6D09-823D-44D9-A695-F1F9DA41FEFD-300x225.jpeg 300w, https:\/\/koednitzhof.at\/gasthof\/wp-content\/uploads\/2025\/01\/54FF6D09-823D-44D9-A695-F1F9DA41FEFD-768x576.jpeg 768w, https:\/\/koednitzhof.at\/gasthof\/wp-content\/uploads\/2025\/01\/54FF6D09-823D-44D9-A695-F1F9DA41FEFD-1536x1152.jpeg 1536w, https:\/\/koednitzhof.at\/gasthof\/wp-content\/uploads\/2025\/01\/54FF6D09-823D-44D9-A695-F1F9DA41FEFD-2048x1536.jpeg 2048w\" sizes=\"auto, (max-width: 1024px) 100vw, 1024px\" \/><\/figure>\n<\/figure>\n\n\n<ol class=\"wp-block-footnotes has-small-font-size\"><li id=\"40390a79-17b1-4b30-8385-858321c701e5\">Angebot gilt nur bei Verf\u00fcgbarkeit und nur f\u00fcr den genannten Zeitraum. Kostenfreie Stornierung bis zu 3 Tage vor Anreise m\u00f6glich. Danach fallen Geb\u00fchren i.H.v. 100% des Gesamtpreises an. Mindestaufenthalt 2 N\u00e4chte.Ortstaxe im Preis nicht enthalten. Betr\u00e4gt aktuell 2,60\u20ac pro Person pro Nacht. <a href=\"#40390a79-17b1-4b30-8385-858321c701e5-link\" aria-label=\"Zur Fu\u00dfnotenreferenz 1 navigieren\">\u21a9\ufe0e<\/a><\/li><\/ol>","protected":false},"excerpt":{"rendered":"<p>Ab jetzt ganz neu bei uns im K\u00f6dnitzhof:Im M\u00e4rz 2026 gibt es ein spezielles Angebot f\u00fcr euch. Wie w\u00e4re es denn mit einem kurzen Wochenendtrip nach Kals? Zum entspannten Skifahren, sorgenlosen Schneeschuhwandern oder um das Wetter und die idyllische Aussicht bei einer Winterwanderung zu genie\u00dfen? Eine kleine Auszeit vom Alltag braucht doch jeder mal. Klingt [&hellip;]<\/p>\n","protected":false},"author":1,"featured_media":813,"parent":0,"menu_order":0,"comment_status":"closed","ping_status":"closed","template":"","meta":{"site-sidebar-layout":"default","site-content-layout":"","ast-site-content-layout":"default","site-content-style":"default","site-sidebar-style":"default","ast-global-header-display":"","ast-banner-title-visibility":"","ast-main-header-display":"","ast-hfb-above-header-display":"","ast-hfb-below-header-display":"","ast-hfb-mobile-header-display":"","site-post-title":"","ast-breadcrumbs-content":"","ast-featured-img":"","footer-sml-layout":"","theme-transparent-header-meta":"","adv-header-id-meta":"","stick-header-meta":"","header-above-stick-meta":"","header-main-stick-meta":"","header-below-stick-meta":"","astra-migrate-meta-layouts":"set","ast-page-background-enabled":"default","ast-page-background-meta":{"desktop":{"background-color":"var(--ast-global-color-4)","background-image":"","background-repeat":"repeat","background-position":"center center","background-size":"auto","background-attachment":"scroll","background-type":"","background-media":"","overlay-type":"","overlay-color":"","overlay-opacity":"","overlay-gradient":""},"tablet":{"background-color":"","background-image":"","background-repeat":"repeat","background-position":"center center","background-size":"auto","background-attachment":"scroll","background-type":"","background-media":"","overlay-type":"","overlay-color":"","overlay-opacity":"","overlay-gradient":""},"mobile":{"background-color":"","background-image":"","background-repeat":"repeat","background-position":"center center","background-size":"auto","background-attachment":"scroll","background-type":"","background-media":"","overlay-type":"","overlay-color":"","overlay-opacity":"","overlay-gradient":""}},"ast-content-background-meta":{"desktop":{"background-color":"var(--ast-global-color-5)","background-image":"","background-repeat":"repeat","background-position":"center center","background-size":"auto","background-attachment":"scroll","background-type":"","background-media":"","overlay-type":"","overlay-color":"","overlay-opacity":"","overlay-gradient":""},"tablet":{"background-color":"var(--ast-global-color-5)","background-image":"","background-repeat":"repeat","background-position":"center center","background-size":"auto","background-attachment":"scroll","background-type":"","background-media":"","overlay-type":"","overlay-color":"","overlay-opacity":"","overlay-gradient":""},"mobile":{"background-color":"var(--ast-global-color-5)","background-image":"","background-repeat":"repeat","background-position":"center center","background-size":"auto","background-attachment":"scroll","background-type":"","background-media":"","overlay-type":"","overlay-color":"","overlay-opacity":"","overlay-gradient":""}},"ngg_post_thumbnail":0,"footnotes":"[{\"content\":\"Angebot gilt nur bei Verf\u00fcgbarkeit und nur f\u00fcr den genannten Zeitraum. Kostenfreie Stornierung bis zu 3 Tage vor Anreise m\u00f6glich. Danach fallen Geb\u00fchren i.H.v. 100% des Gesamtpreises an. Mindestaufenthalt 2 N\u00e4chte.Ortstaxe im Preis nicht enthalten. Betr\u00e4gt aktuell 2,60\u20ac pro Person pro Nacht.\",\"id\":\"40390a79-17b1-4b30-8385-858321c701e5\"}]"},"class_list":["post-1528","page","type-page","status-publish","has-post-thumbnail","hentry"],"_links":{"self":[{"href":"https:\/\/koednitzhof.at\/gasthof\/index.php\/wp-json\/wp\/v2\/pages\/1528","targetHints":{"allow":["GET"]}}],"collection":[{"href":"https:\/\/koednitzhof.at\/gasthof\/index.php\/wp-json\/wp\/v2\/pages"}],"about":[{"href":"https:\/\/koednitzhof.at\/gasthof\/index.php\/wp-json\/wp\/v2\/types\/page"}],"author":[{"embeddable":true,"href":"https:\/\/koednitzhof.at\/gasthof\/index.php\/wp-json\/wp\/v2\/users\/1"}],"replies":[{"embeddable":true,"href":"https:\/\/koednitzhof.at\/gasthof\/index.php\/wp-json\/wp\/v2\/comments?post=1528"}],"version-history":[{"count":4,"href":"https:\/\/koednitzhof.at\/gasthof\/index.php\/wp-json\/wp\/v2\/pages\/1528\/revisions"}],"predecessor-version":[{"id":1593,"href":"https:\/\/koednitzhof.at\/gasthof\/index.php\/wp-json\/wp\/v2\/pages\/1528\/revisions\/1593"}],"wp:featuredmedia":[{"embeddable":true,"href":"https:\/\/koednitzhof.at\/gasthof\/index.php\/wp-json\/wp\/v2\/media\/813"}],"wp:attachment":[{"href":"https:\/\/koednitzhof.at\/gasthof\/index.php\/wp-json\/wp\/v2\/media?parent=1528"}],"curies":[{"name":"wp","href":"https:\/\/api.w.org\/{rel}","templated":true}]}}