{"id":171,"date":"2023-03-26T14:44:03","date_gmt":"2023-03-26T14:44:03","guid":{"rendered":"https:\/\/koednitzhof.at\/gasthof\/?page_id=171"},"modified":"2026-02-27T16:23:43","modified_gmt":"2026-02-27T15:23:43","slug":"glocknertaxi","status":"publish","type":"page","link":"https:\/\/koednitzhof.at\/gasthof\/index.php\/glocknertaxi\/","title":{"rendered":"Glocknertaxi &#8211; Ihr Taxi in Kals am Gro\u00dfglockner"},"content":{"rendered":"\n<figure class=\"wp-block-image size-full is-resized\"><img loading=\"lazy\" decoding=\"async\" width=\"939\" height=\"987\" src=\"https:\/\/koednitzhof.at\/gasthof\/wp-content\/uploads\/2024\/08\/TAXI.jpg\" alt=\"\" class=\"wp-image-510\" style=\"width:1362px;height:auto\" srcset=\"https:\/\/koednitzhof.at\/gasthof\/wp-content\/uploads\/2024\/08\/TAXI.jpg 939w, https:\/\/koednitzhof.at\/gasthof\/wp-content\/uploads\/2024\/08\/TAXI-285x300.jpg 285w, https:\/\/koednitzhof.at\/gasthof\/wp-content\/uploads\/2024\/08\/TAXI-768x807.jpg 768w\" sizes=\"auto, (max-width: 939px) 100vw, 939px\" \/><\/figure>\n\n\n\n<h4 class=\"wp-block-heading\">DAS&nbsp;&#8222;GLOCKNERTAXI&#8220;<\/h4>\n\n\n\n<p>Mit unserem Glocknertaxi sind Sie jederzeit entspannt und komfortabel unterwegs. Ob Sie die atemberaubende Bergwelt rund um Kals am Gro\u00dfglockner entdecken, einen gem\u00fctlichen Ausflug planen oder einfach stressfrei zu Ihrem Wunschziel gelangen m\u00f6chten \u2013 wir bringen Sie sicher und bequem ans Ziel.<\/p>\n\n\n\n<p>Lassen Sie das Auto stehen und genie\u00dfen Sie die Fahrt: So haben Sie Zeit, die wundersch\u00f6ne Landschaft in Ruhe auf sich wirken zu lassen und sich ganz auf Ihre Ausfl\u00fcge zu freuen. Auch Transfers zu Bahnh\u00f6fen (Lienz, Kitzb\u00fchel, W\u00f6rgl usw. ) oder Flugh\u00e4fen (Innsbruck, Salzburg und auch M\u00fcnchen) erledigen wir zuverl\u00e4ssig f\u00fcr Sie, damit Ihre Reise von Anfang an entspannt beginnt.<\/p>\n\n\n\n<p>Sprechen Sie uns an \u2013 wir beraten Sie pers\u00f6nlich und stellen Ihnen gerne ein ma\u00dfgeschneidertes Angebot zusammen, damit jede Fahrt nach Kals am Gro\u00dfglockner zu einem entspannten Erlebnis wird.<\/p>\n\n\n\n<p><strong>Voranmeldung unter<\/strong><br><strong>Tel. +43664\/521 90 89<\/strong><br><strong> (wenn m\u00f6glich bitte einen Tag vorher)<\/strong><\/p>\n\n\n\n<p><strong>Glocknertaxi<\/strong><br>Michael Berger<br>K\u00f6dnitz 16<br>A-9981 Kals am Gro\u00dfglockner<\/p>\n\n\n\n<p><strong>Kurzfristige Anfragen bitte immer per Telefon<\/strong>.<\/p>\n","protected":false},"excerpt":{"rendered":"<p>DAS&nbsp;&#8222;GLOCKNERTAXI&#8220; Mit unserem Glocknertaxi sind Sie jederzeit entspannt und komfortabel unterwegs. Ob Sie die atemberaubende Bergwelt rund um Kals am Gro\u00dfglockner entdecken, einen gem\u00fctlichen Ausflug planen oder einfach stressfrei zu Ihrem Wunschziel gelangen m\u00f6chten \u2013 wir bringen Sie sicher und bequem ans Ziel. Lassen Sie das Auto stehen und genie\u00dfen Sie die Fahrt: So haben [&hellip;]<\/p>\n","protected":false},"author":1,"featured_media":0,"parent":0,"menu_order":0,"comment_status":"closed","ping_status":"closed","template":"","meta":{"site-sidebar-layout":"default","site-content-layout":"","ast-site-content-layout":"default","site-content-style":"default","site-sidebar-style":"default","ast-global-header-display":"","ast-banner-title-visibility":"","ast-main-header-display":"","ast-hfb-above-header-display":"","ast-hfb-below-header-display":"","ast-hfb-mobile-header-display":"","site-post-title":"","ast-breadcrumbs-content":"","ast-featured-img":"","footer-sml-layout":"","theme-transparent-header-meta":"","adv-header-id-meta":"","stick-header-meta":"","header-above-stick-meta":"","header-main-stick-meta":"","header-below-stick-meta":"","astra-migrate-meta-layouts":"set","ast-page-background-enabled":"default","ast-page-background-meta":{"desktop":{"background-color":"var(--ast-global-color-4)","background-image":"","background-repeat":"repeat","background-position":"center center","background-size":"auto","background-attachment":"scroll","background-type":"","background-media":"","overlay-type":"","overlay-color":"","overlay-opacity":"","overlay-gradient":""},"tablet":{"background-color":"","background-image":"","background-repeat":"repeat","background-position":"center center","background-size":"auto","background-attachment":"scroll","background-type":"","background-media":"","overlay-type":"","overlay-color":"","overlay-opacity":"","overlay-gradient":""},"mobile":{"background-color":"","background-image":"","background-repeat":"repeat","background-position":"center center","background-size":"auto","background-attachment":"scroll","background-type":"","background-media":"","overlay-type":"","overlay-color":"","overlay-opacity":"","overlay-gradient":""}},"ast-content-background-meta":{"desktop":{"background-color":"var(--ast-global-color-5)","background-image":"","background-repeat":"repeat","background-position":"center center","background-size":"auto","background-attachment":"scroll","background-type":"","background-media":"","overlay-type":"","overlay-color":"","overlay-opacity":"","overlay-gradient":""},"tablet":{"background-color":"var(--ast-global-color-5)","background-image":"","background-repeat":"repeat","background-position":"center center","background-size":"auto","background-attachment":"scroll","background-type":"","background-media":"","overlay-type":"","overlay-color":"","overlay-opacity":"","overlay-gradient":""},"mobile":{"background-color":"var(--ast-global-color-5)","background-image":"","background-repeat":"repeat","background-position":"center center","background-size":"auto","background-attachment":"scroll","background-type":"","background-media":"","overlay-type":"","overlay-color":"","overlay-opacity":"","overlay-gradient":""}},"ngg_post_thumbnail":0,"footnotes":""},"class_list":["post-171","page","type-page","status-publish","hentry"],"_links":{"self":[{"href":"https:\/\/koednitzhof.at\/gasthof\/index.php\/wp-json\/wp\/v2\/pages\/171","targetHints":{"allow":["GET"]}}],"collection":[{"href":"https:\/\/koednitzhof.at\/gasthof\/index.php\/wp-json\/wp\/v2\/pages"}],"about":[{"href":"https:\/\/koednitzhof.at\/gasthof\/index.php\/wp-json\/wp\/v2\/types\/page"}],"author":[{"embeddable":true,"href":"https:\/\/koednitzhof.at\/gasthof\/index.php\/wp-json\/wp\/v2\/users\/1"}],"replies":[{"embeddable":true,"href":"https:\/\/koednitzhof.at\/gasthof\/index.php\/wp-json\/wp\/v2\/comments?post=171"}],"version-history":[{"count":15,"href":"https:\/\/koednitzhof.at\/gasthof\/index.php\/wp-json\/wp\/v2\/pages\/171\/revisions"}],"predecessor-version":[{"id":1637,"href":"https:\/\/koednitzhof.at\/gasthof\/index.php\/wp-json\/wp\/v2\/pages\/171\/revisions\/1637"}],"wp:attachment":[{"href":"https:\/\/koednitzhof.at\/gasthof\/index.php\/wp-json\/wp\/v2\/media?parent=171"}],"curies":[{"name":"wp","href":"https:\/\/api.w.org\/{rel}","templated":true}]}}