{"id":190,"date":"2023-03-28T15:15:39","date_gmt":"2023-03-28T15:15:39","guid":{"rendered":"https:\/\/koednitzhof.at\/gasthof\/?page_id=190"},"modified":"2025-10-24T17:58:59","modified_gmt":"2025-10-24T15:58:59","slug":"herzlich-willkommen","status":"publish","type":"page","link":"https:\/\/koednitzhof.at\/gasthof\/index.php\/herzlich-willkommen\/","title":{"rendered":"Herzlich Willkommen"},"content":{"rendered":"\n<h2 class=\"wp-block-heading has-text-align-left\">Herzlich Willkommen<\/h2>\n\n\n\n<figure class=\"wp-block-image aligncenter size-large\"><img loading=\"lazy\" decoding=\"async\" width=\"1024\" height=\"683\" src=\"https:\/\/koednitzhof.at\/gasthof\/wp-content\/uploads\/2024\/10\/kals_koednitzhof_4935-1024x683.jpg\" alt=\"\" class=\"wp-image-795\" srcset=\"https:\/\/koednitzhof.at\/gasthof\/wp-content\/uploads\/2024\/10\/kals_koednitzhof_4935-1024x683.jpg 1024w, https:\/\/koednitzhof.at\/gasthof\/wp-content\/uploads\/2024\/10\/kals_koednitzhof_4935-300x200.jpg 300w, https:\/\/koednitzhof.at\/gasthof\/wp-content\/uploads\/2024\/10\/kals_koednitzhof_4935-768x512.jpg 768w, https:\/\/koednitzhof.at\/gasthof\/wp-content\/uploads\/2024\/10\/kals_koednitzhof_4935-1536x1024.jpg 1536w, https:\/\/koednitzhof.at\/gasthof\/wp-content\/uploads\/2024\/10\/kals_koednitzhof_4935.jpg 1600w\" sizes=\"auto, (max-width: 1024px) 100vw, 1024px\" \/><\/figure>\n\n\n\n<h4 class=\"wp-block-heading\">Gastlichkeit, komfort, charme &amp; genuss<\/h4>\n\n\n\n<p>Wir blicken in diesem Jahr auf eine 95 j\u00e4hrige famili\u00e4re Geschichte zur\u00fcck. Wer ein gro\u00dfes Hotel mit vielen Zimmern erwartet, wird bei uns eher \u00fcberrascht sein. Wir m\u00f6gen nur 10 Zimmer bei uns haben, k\u00f6nnen aber daf\u00fcr mit Tradition und Pers\u00f6nlichkeit gl\u00e4nzen. Ganz nach dem Motto Gastlichkeit, Komfort, Charme und Genuss bem\u00fchen wir uns t\u00e4glich den W\u00fcnschen unsere G\u00e4ste zu entsprechen. Lassen Sie sich von der freundlichen, famili\u00e4ren Atmosph\u00e4re unseres Traditionshauses, wie man es heutzutage nur noch selten findet, verzaubern!<\/p>\n\n\n\n<h4 class=\"wp-block-heading\">NEHMEN SIE PLATZ<\/h4>\n\n\n\n<p>Unsere Speiser\u00e4ume bieten Ihnen ein perfektes Ambiente f\u00fcr eine breite Palette Ihrer Anl\u00e4sse. Ob ein gem\u00fctliches Essen im privaten oder gesch\u00e4ftlichem Rahmen, wir bieten Ihnen den passenden Tisch und guten Service. In den Sommermonaten finden Sie auf unserer Terrasse sehr komfortabel Platz. Ruhig und bequem k\u00f6nnen Sie unsere K\u00fcchenkunst im Freien genie\u00dfen.<\/p>\n\n\n\n<h4 class=\"wp-block-heading\">KOMFORT MIT WOHLF\u00dcHLCHARAKTER!<\/h4>\n\n\n\n<p>In freundlicher Atmosph\u00e4re bieten unsere Zimmer mit naturbelassenem hellem Holz allen Komfort f\u00fcr erholsamen Aufenthalt in unserem Haus. Die ruhige Umgebung und die \u00fcbersichtliche Gr\u00f6\u00dfe unseres Gasthofes sorgen f\u00fcr ein sehr privates Ambiente, das Sie sch\u00e4tzen werden. Verzichten m\u00fcssen Sie bei uns nicht! Denn sogar eine hauseigene Sauna steht Ihnen t\u00e4glich zur Ihrer Entspannung zur Verf\u00fcgung. Damit der Aufenthalt f\u00fcr unsere G\u00e4ste so angenehm wie m\u00f6glich wird, darum bem\u00fchen sich unser Personal und wir als Ihre Gastgeber.<\/p>\n\n\n\n<p>Michael und Lidia Berger<\/p>\n\n\n\n<div class=\"wp-block-buttons is-content-justification-center is-layout-flex wp-container-core-buttons-is-layout-a89b3969 wp-block-buttons-is-layout-flex\">\n<div class=\"wp-block-button\"><a class=\"wp-block-button__link has-black-color has-luminous-vivid-amber-background-color has-text-color has-background has-link-color wp-element-button\" href=\"https:\/\/koednitzhof.at\/gasthof\/index.php\/zimmer\/\"><strong>Zu den Zimmerinformationen<\/strong><\/a><\/div>\n<\/div>\n\n\n\n<p><\/p>\n","protected":false},"excerpt":{"rendered":"<p>Herzlich Willkommen Gastlichkeit, komfort, charme &amp; genuss Wir blicken in diesem Jahr auf eine 95 j\u00e4hrige famili\u00e4re Geschichte zur\u00fcck. Wer ein gro\u00dfes Hotel mit vielen Zimmern erwartet, wird bei uns eher \u00fcberrascht sein. Wir m\u00f6gen nur 10 Zimmer bei uns haben, k\u00f6nnen aber daf\u00fcr mit Tradition und Pers\u00f6nlichkeit gl\u00e4nzen. Ganz nach dem Motto Gastlichkeit, Komfort, [&hellip;]<\/p>\n","protected":false},"author":1,"featured_media":0,"parent":0,"menu_order":0,"comment_status":"closed","ping_status":"closed","template":"","meta":{"site-sidebar-layout":"default","site-content-layout":"","ast-site-content-layout":"default","site-content-style":"default","site-sidebar-style":"default","ast-global-header-display":"","ast-banner-title-visibility":"","ast-main-header-display":"","ast-hfb-above-header-display":"","ast-hfb-below-header-display":"","ast-hfb-mobile-header-display":"","site-post-title":"disabled","ast-breadcrumbs-content":"","ast-featured-img":"","footer-sml-layout":"","theme-transparent-header-meta":"","adv-header-id-meta":"","stick-header-meta":"","header-above-stick-meta":"","header-main-stick-meta":"","header-below-stick-meta":"","astra-migrate-meta-layouts":"set","ast-page-background-enabled":"default","ast-page-background-meta":{"desktop":{"background-color":"var(--ast-global-color-4)","background-image":"","background-repeat":"repeat","background-position":"center center","background-size":"auto","background-attachment":"scroll","background-type":"","background-media":"","overlay-type":"","overlay-color":"","overlay-opacity":"","overlay-gradient":""},"tablet":{"background-color":"","background-image":"","background-repeat":"repeat","background-position":"center center","background-size":"auto","background-attachment":"scroll","background-type":"","background-media":"","overlay-type":"","overlay-color":"","overlay-opacity":"","overlay-gradient":""},"mobile":{"background-color":"","background-image":"","background-repeat":"repeat","background-position":"center center","background-size":"auto","background-attachment":"scroll","background-type":"","background-media":"","overlay-type":"","overlay-color":"","overlay-opacity":"","overlay-gradient":""}},"ast-content-background-meta":{"desktop":{"background-color":"var(--ast-global-color-5)","background-image":"","background-repeat":"repeat","background-position":"center center","background-size":"auto","background-attachment":"scroll","background-type":"","background-media":"","overlay-type":"","overlay-color":"","overlay-opacity":"","overlay-gradient":""},"tablet":{"background-color":"var(--ast-global-color-5)","background-image":"","background-repeat":"repeat","background-position":"center center","background-size":"auto","background-attachment":"scroll","background-type":"","background-media":"","overlay-type":"","overlay-color":"","overlay-opacity":"","overlay-gradient":""},"mobile":{"background-color":"var(--ast-global-color-5)","background-image":"","background-repeat":"repeat","background-position":"center center","background-size":"auto","background-attachment":"scroll","background-type":"","background-media":"","overlay-type":"","overlay-color":"","overlay-opacity":"","overlay-gradient":""}},"ngg_post_thumbnail":0,"footnotes":""},"class_list":["post-190","page","type-page","status-publish","hentry"],"_links":{"self":[{"href":"https:\/\/koednitzhof.at\/gasthof\/index.php\/wp-json\/wp\/v2\/pages\/190","targetHints":{"allow":["GET"]}}],"collection":[{"href":"https:\/\/koednitzhof.at\/gasthof\/index.php\/wp-json\/wp\/v2\/pages"}],"about":[{"href":"https:\/\/koednitzhof.at\/gasthof\/index.php\/wp-json\/wp\/v2\/types\/page"}],"author":[{"embeddable":true,"href":"https:\/\/koednitzhof.at\/gasthof\/index.php\/wp-json\/wp\/v2\/users\/1"}],"replies":[{"embeddable":true,"href":"https:\/\/koednitzhof.at\/gasthof\/index.php\/wp-json\/wp\/v2\/comments?post=190"}],"version-history":[{"count":69,"href":"https:\/\/koednitzhof.at\/gasthof\/index.php\/wp-json\/wp\/v2\/pages\/190\/revisions"}],"predecessor-version":[{"id":1343,"href":"https:\/\/koednitzhof.at\/gasthof\/index.php\/wp-json\/wp\/v2\/pages\/190\/revisions\/1343"}],"wp:attachment":[{"href":"https:\/\/koednitzhof.at\/gasthof\/index.php\/wp-json\/wp\/v2\/media?parent=190"}],"curies":[{"name":"wp","href":"https:\/\/api.w.org\/{rel}","templated":true}]}}