{"id":195,"date":"2023-03-28T15:33:23","date_gmt":"2023-03-28T15:33:23","guid":{"rendered":"https:\/\/koednitzhof.at\/gasthof\/?page_id=195"},"modified":"2024-08-18T21:00:35","modified_gmt":"2024-08-18T19:00:35","slug":"impressum","status":"publish","type":"page","link":"https:\/\/koednitzhof.at\/gasthof\/index.php\/impressum\/","title":{"rendered":"Impressum"},"content":{"rendered":"\n<p><\/p>\n\n\n\n<p>Gasthof K\u00f6dnitzhof<br>Michael Berger<br>K\u00f6dnitz 16<br>A-9981 Kals am Gro\u00dfglockner<br><br>UstID-Nr: ATU73908079<br><br><strong>Inhaltlich verantwortlich:<\/strong><br>Michael Berger<br>Adresse siehe oben<br><br><strong>Kontakt:<\/strong><br>E-Mail: gasthof@koednitzhof.at<br>Tel.: +43 4876 8201<br>Mobil: +43 664 4425317<br><\/p>\n","protected":false},"excerpt":{"rendered":"<p>Gasthof K\u00f6dnitzhofMichael BergerK\u00f6dnitz 16A-9981 Kals am Gro\u00dfglockner UstID-Nr: ATU73908079 Inhaltlich verantwortlich:Michael BergerAdresse siehe oben Kontakt:E-Mail: gasthof@koednitzhof.atTel.: +43 4876 8201Mobil: +43 664 4425317<\/p>\n","protected":false},"author":1,"featured_media":0,"parent":0,"menu_order":0,"comment_status":"closed","ping_status":"closed","template":"","meta":{"site-sidebar-layout":"default","site-content-layout":"","ast-site-content-layout":"default","site-content-style":"default","site-sidebar-style":"default","ast-global-header-display":"","ast-banner-title-visibility":"","ast-main-header-display":"","ast-hfb-above-header-display":"","ast-hfb-below-header-display":"","ast-hfb-mobile-header-display":"","site-post-title":"","ast-breadcrumbs-content":"","ast-featured-img":"","footer-sml-layout":"","theme-transparent-header-meta":"","adv-header-id-meta":"","stick-header-meta":"","header-above-stick-meta":"","header-main-stick-meta":"","header-below-stick-meta":"","astra-migrate-meta-layouts":"set","ast-page-background-enabled":"default","ast-page-background-meta":{"desktop":{"background-color":"var(--ast-global-color-4)","background-image":"","background-repeat":"repeat","background-position":"center center","background-size":"auto","background-attachment":"scroll","background-type":"","background-media":"","overlay-type":"","overlay-color":"","overlay-opacity":"","overlay-gradient":""},"tablet":{"background-color":"","background-image":"","background-repeat":"repeat","background-position":"center center","background-size":"auto","background-attachment":"scroll","background-type":"","background-media":"","overlay-type":"","overlay-color":"","overlay-opacity":"","overlay-gradient":""},"mobile":{"background-color":"","background-image":"","background-repeat":"repeat","background-position":"center center","background-size":"auto","background-attachment":"scroll","background-type":"","background-media":"","overlay-type":"","overlay-color":"","overlay-opacity":"","overlay-gradient":""}},"ast-content-background-meta":{"desktop":{"background-color":"var(--ast-global-color-5)","background-image":"","background-repeat":"repeat","background-position":"center center","background-size":"auto","background-attachment":"scroll","background-type":"","background-media":"","overlay-type":"","overlay-color":"","overlay-opacity":"","overlay-gradient":""},"tablet":{"background-color":"var(--ast-global-color-5)","background-image":"","background-repeat":"repeat","background-position":"center center","background-size":"auto","background-attachment":"scroll","background-type":"","background-media":"","overlay-type":"","overlay-color":"","overlay-opacity":"","overlay-gradient":""},"mobile":{"background-color":"var(--ast-global-color-5)","background-image":"","background-repeat":"repeat","background-position":"center center","background-size":"auto","background-attachment":"scroll","background-type":"","background-media":"","overlay-type":"","overlay-color":"","overlay-opacity":"","overlay-gradient":""}},"ngg_post_thumbnail":0,"footnotes":""},"class_list":["post-195","page","type-page","status-publish","hentry"],"_links":{"self":[{"href":"https:\/\/koednitzhof.at\/gasthof\/index.php\/wp-json\/wp\/v2\/pages\/195","targetHints":{"allow":["GET"]}}],"collection":[{"href":"https:\/\/koednitzhof.at\/gasthof\/index.php\/wp-json\/wp\/v2\/pages"}],"about":[{"href":"https:\/\/koednitzhof.at\/gasthof\/index.php\/wp-json\/wp\/v2\/types\/page"}],"author":[{"embeddable":true,"href":"https:\/\/koednitzhof.at\/gasthof\/index.php\/wp-json\/wp\/v2\/users\/1"}],"replies":[{"embeddable":true,"href":"https:\/\/koednitzhof.at\/gasthof\/index.php\/wp-json\/wp\/v2\/comments?post=195"}],"version-history":[{"count":2,"href":"https:\/\/koednitzhof.at\/gasthof\/index.php\/wp-json\/wp\/v2\/pages\/195\/revisions"}],"predecessor-version":[{"id":509,"href":"https:\/\/koednitzhof.at\/gasthof\/index.php\/wp-json\/wp\/v2\/pages\/195\/revisions\/509"}],"wp:attachment":[{"href":"https:\/\/koednitzhof.at\/gasthof\/index.php\/wp-json\/wp\/v2\/media?parent=195"}],"curies":[{"name":"wp","href":"https:\/\/api.w.org\/{rel}","templated":true}]}}