{"id":499,"date":"2024-09-02T12:45:10","date_gmt":"2024-09-02T10:45:10","guid":{"rendered":"https:\/\/koednitzhof.at\/gasthof\/?page_id=499"},"modified":"2026-02-26T21:16:37","modified_gmt":"2026-02-26T20:16:37","slug":"januar-maerz-spezial","status":"publish","type":"page","link":"https:\/\/koednitzhof.at\/gasthof\/index.php\/januar-maerz-spezial\/","title":{"rendered":"M\u00e4rz Halbpensions Spezial"},"content":{"rendered":"\n<p class=\"has-text-align-center has-background has-medium-font-size\" style=\"background-color:#b3e2ff66;font-style:normal;font-weight:500\">Entdecken Sie unsere wundersch\u00f6ne Winterlandschaft in Kals am Gro\u00dfglockner. <br>Egal ob ein Spaziergang im Schnee, oder eine Runde Ski-Fahren. <br>Bei uns in Kals haben Sie viele M\u00f6glichkeiten Ihren Winterurlaub im K\u00f6dnitzhof zu verbringen. <br><br><strong>Vom<\/strong> <strong>01.03.2026 &#8211; 31.03.2026 <\/strong><sup data-fn=\"83ae1583-3c42-4c4b-866d-5f1bd81db93a\" class=\"fn\"><a href=\"#83ae1583-3c42-4c4b-866d-5f1bd81db93a\" id=\"83ae1583-3c42-4c4b-866d-5f1bd81db93a-link\">1<\/a><\/sup><strong> bieten wir ein Spezial-Angebot f\u00fcr \u00dcbernachtungen ab 3 N\u00e4chten an: <\/strong><br><br>\u00dcbernachten Sie bei uns im K\u00f6dnitzhof mit dem komfortablem Genuss einer Verpflegung mit Halbpension zu einem verg\u00fcnstigten Preis!<\/p>\n\n\n\n<div class=\"wp-block-group has-background is-vertical is-content-justification-center is-layout-flex wp-container-core-group-is-layout-6cec9edf wp-block-group-is-layout-flex\" style=\"background-color:#ffdb6e7d;margin-top:0;margin-bottom:0;padding-top:var(--wp--preset--spacing--20);padding-right:0;padding-bottom:var(--wp--preset--spacing--20);padding-left:0\">\n<h2 class=\"wp-block-heading has-black-color has-text-color has-link-color wp-elements-353497205b95f7a1ef0aa6c67bf42024\">Angebot<\/h2>\n\n\n\n<p class=\"has-text-align-center has-medium-font-size\"><strong>1 Erwachsener<br>\u00dcbernachtung mit Halbpension<br>65,00\u20ac<\/strong><sup data-fn=\"7b71f0b9-11c7-49d4-9c78-4ebe8750f7e0\" class=\"fn\"><a href=\"#7b71f0b9-11c7-49d4-9c78-4ebe8750f7e0\" id=\"7b71f0b9-11c7-49d4-9c78-4ebe8750f7e0-link\">2<\/a><\/sup><strong> pro Nacht <\/strong><\/p>\n\n\n\n<p class=\"has-text-align-center has-small-font-size\">Erm\u00e4\u00dfigung Kinder bis zum 12.Lebensjahr: 50%<\/p>\n<\/div>\n\n\n\n<details class=\"wp-block-details has-medium-font-size is-layout-flow wp-block-details-is-layout-flow\"><summary><strong>Im Angebot enthalten: <\/strong><br><\/summary>\n<p class=\"has-text-align-center\">+ \u00dcbernachtung <br>+ Halbpension (Fr\u00fchst\u00fccksbuffet und Abendessen im Men\u00fc)<sup data-fn=\"470a4ec2-a831-4d3d-b94e-961859418be7\" class=\"fn\"><a href=\"#470a4ec2-a831-4d3d-b94e-961859418be7\" id=\"470a4ec2-a831-4d3d-b94e-961859418be7-link\">3<\/a><\/sup><br>+ kostenfreier Ski-Bus direkt vor der T\u00fcr<br>+ Nutzung der Sauna<br>+ Nutzung des W-Lan<\/p>\n<\/details>\n\n\n\n<p><\/p>\n\n\n\n<div class=\"wp-block-buttons is-content-justification-center is-layout-flex wp-container-core-buttons-is-layout-a89b3969 wp-block-buttons-is-layout-flex\">\n<div class=\"wp-block-button\"><a class=\"wp-block-button__link has-black-color has-luminous-vivid-amber-background-color has-text-color has-background has-link-color has-text-align-center wp-element-button\" href=\"https:\/\/koednitzhof.at\/gasthof\/index.php\/angebote\/\"><strong>Jetzt online buchen<\/strong><\/a><\/div>\n<\/div>\n\n\n\nngg_shortcode_0_placeholder\n\n\n\n<p><\/p>\n\n\n\n<h2 class=\"wp-block-heading\">Unser Ski-Gebiet<\/h2>\n\n\n\n<p><strong>Sie h\u00e4tten gerne mehr Informationen zu unserem einzigartigen Ski-Gebiet?<\/strong> <br>Dann besuchen Sie doch gerne die Internetseite vom <a href=\"https:\/\/www.gg-resort.at\/de\/\">Gro\u00dfglockner Resort Kals-Matrei<\/a>.<br>Dort finden Sie aktuelle Informationen zu den Liften, Preisen und auch Live-Webcams.<\/p>\n\n\n<ol class=\"wp-block-footnotes has-small-font-size\"><li id=\"83ae1583-3c42-4c4b-866d-5f1bd81db93a\">Angebot gilt nur bei Verf\u00fcgbarkeit und nur f\u00fcr den genannten Zeitraum. Kostenfreie Stornierung bis zu 3 Tage vor Anreise m\u00f6glich. Danach fallen Geb\u00fchren i.H.v. 100% des Gesamtpreises an. Mindestaufenthalt 3 N\u00e4chte. <a href=\"#83ae1583-3c42-4c4b-866d-5f1bd81db93a-link\" aria-label=\"Zur Fu\u00dfnotenreferenz 1 navigieren\">\u21a9\ufe0e<\/a><\/li><li id=\"7b71f0b9-11c7-49d4-9c78-4ebe8750f7e0\">Ortstaxe im Preis nicht enthalten. Betr\u00e4gt aktuell 2,60\u20ac pro Person pro Nacht. <a href=\"#7b71f0b9-11c7-49d4-9c78-4ebe8750f7e0-link\" aria-label=\"Zur Fu\u00dfnotenreferenz 2 navigieren\">\u21a9\ufe0e<\/a><\/li><li id=\"470a4ec2-a831-4d3d-b94e-961859418be7\">Enthalten sind Fr\u00fchst\u00fcck, sowie Abendessen. Getr\u00e4nke sind in der Halbpension nicht inkludiert. <a href=\"#470a4ec2-a831-4d3d-b94e-961859418be7-link\" aria-label=\"Zur Fu\u00dfnotenreferenz 3 navigieren\">\u21a9\ufe0e<\/a><\/li><\/ol>","protected":false},"excerpt":{"rendered":"<p>Entdecken Sie unsere wundersch\u00f6ne Winterlandschaft in Kals am Gro\u00dfglockner. Egal ob ein Spaziergang im Schnee, oder eine Runde Ski-Fahren. Bei uns in Kals haben Sie viele M\u00f6glichkeiten Ihren Winterurlaub im K\u00f6dnitzhof zu verbringen. Vom 01.03.2026 &#8211; 31.03.2026 bieten wir ein Spezial-Angebot f\u00fcr \u00dcbernachtungen ab 3 N\u00e4chten an: \u00dcbernachten Sie bei uns im K\u00f6dnitzhof mit dem [&hellip;]<\/p>\n","protected":false},"author":1,"featured_media":0,"parent":0,"menu_order":0,"comment_status":"closed","ping_status":"closed","template":"","meta":{"site-sidebar-layout":"default","site-content-layout":"","ast-site-content-layout":"default","site-content-style":"default","site-sidebar-style":"default","ast-global-header-display":"","ast-banner-title-visibility":"","ast-main-header-display":"","ast-hfb-above-header-display":"","ast-hfb-below-header-display":"","ast-hfb-mobile-header-display":"","site-post-title":"","ast-breadcrumbs-content":"","ast-featured-img":"","footer-sml-layout":"","theme-transparent-header-meta":"","adv-header-id-meta":"","stick-header-meta":"","header-above-stick-meta":"","header-main-stick-meta":"","header-below-stick-meta":"","astra-migrate-meta-layouts":"set","ast-page-background-enabled":"default","ast-page-background-meta":{"desktop":{"background-color":"var(--ast-global-color-4)","background-image":"","background-repeat":"repeat","background-position":"center center","background-size":"auto","background-attachment":"scroll","background-type":"","background-media":"","overlay-type":"","overlay-color":"","overlay-opacity":"","overlay-gradient":""},"tablet":{"background-color":"","background-image":"","background-repeat":"repeat","background-position":"center center","background-size":"auto","background-attachment":"scroll","background-type":"","background-media":"","overlay-type":"","overlay-color":"","overlay-opacity":"","overlay-gradient":""},"mobile":{"background-color":"","background-image":"","background-repeat":"repeat","background-position":"center center","background-size":"auto","background-attachment":"scroll","background-type":"","background-media":"","overlay-type":"","overlay-color":"","overlay-opacity":"","overlay-gradient":""}},"ast-content-background-meta":{"desktop":{"background-color":"var(--ast-global-color-5)","background-image":"","background-repeat":"repeat","background-position":"center center","background-size":"auto","background-attachment":"scroll","background-type":"","background-media":"","overlay-type":"","overlay-color":"","overlay-opacity":"","overlay-gradient":""},"tablet":{"background-color":"var(--ast-global-color-5)","background-image":"","background-repeat":"repeat","background-position":"center center","background-size":"auto","background-attachment":"scroll","background-type":"","background-media":"","overlay-type":"","overlay-color":"","overlay-opacity":"","overlay-gradient":""},"mobile":{"background-color":"var(--ast-global-color-5)","background-image":"","background-repeat":"repeat","background-position":"center center","background-size":"auto","background-attachment":"scroll","background-type":"","background-media":"","overlay-type":"","overlay-color":"","overlay-opacity":"","overlay-gradient":""}},"ngg_post_thumbnail":0,"footnotes":"[{\"content\":\"Angebot gilt nur bei Verf\u00fcgbarkeit und nur f\u00fcr den genannten Zeitraum. Kostenfreie Stornierung bis zu 3 Tage vor Anreise m\u00f6glich. Danach fallen Geb\u00fchren i.H.v. 100% des Gesamtpreises an. Mindestaufenthalt 3 N\u00e4chte.\",\"id\":\"83ae1583-3c42-4c4b-866d-5f1bd81db93a\"},{\"content\":\"Ortstaxe im Preis nicht enthalten. Betr\u00e4gt aktuell 2,60\u20ac pro Person pro Nacht.\",\"id\":\"7b71f0b9-11c7-49d4-9c78-4ebe8750f7e0\"},{\"content\":\"Enthalten sind Fr\u00fchst\u00fcck, sowie Abendessen. Getr\u00e4nke sind in der Halbpension nicht inkludiert.\",\"id\":\"470a4ec2-a831-4d3d-b94e-961859418be7\"}]"},"class_list":["post-499","page","type-page","status-publish","hentry"],"_links":{"self":[{"href":"https:\/\/koednitzhof.at\/gasthof\/index.php\/wp-json\/wp\/v2\/pages\/499","targetHints":{"allow":["GET"]}}],"collection":[{"href":"https:\/\/koednitzhof.at\/gasthof\/index.php\/wp-json\/wp\/v2\/pages"}],"about":[{"href":"https:\/\/koednitzhof.at\/gasthof\/index.php\/wp-json\/wp\/v2\/types\/page"}],"author":[{"embeddable":true,"href":"https:\/\/koednitzhof.at\/gasthof\/index.php\/wp-json\/wp\/v2\/users\/1"}],"replies":[{"embeddable":true,"href":"https:\/\/koednitzhof.at\/gasthof\/index.php\/wp-json\/wp\/v2\/comments?post=499"}],"version-history":[{"count":68,"href":"https:\/\/koednitzhof.at\/gasthof\/index.php\/wp-json\/wp\/v2\/pages\/499\/revisions"}],"predecessor-version":[{"id":1623,"href":"https:\/\/koednitzhof.at\/gasthof\/index.php\/wp-json\/wp\/v2\/pages\/499\/revisions\/1623"}],"wp:attachment":[{"href":"https:\/\/koednitzhof.at\/gasthof\/index.php\/wp-json\/wp\/v2\/media?parent=499"}],"curies":[{"name":"wp","href":"https:\/\/api.w.org\/{rel}","templated":true}]}}