{"id":613,"date":"2024-08-22T19:59:37","date_gmt":"2024-08-22T17:59:37","guid":{"rendered":"https:\/\/koednitzhof.at\/gasthof\/?page_id=613"},"modified":"2026-01-15T18:07:24","modified_gmt":"2026-01-15T17:07:24","slug":"in-winterurlaub-in-kals-am-grossglockner","status":"publish","type":"page","link":"https:\/\/koednitzhof.at\/gasthof\/index.php\/in-winterurlaub-in-kals-am-grossglockner\/","title":{"rendered":"Ihr Winterurlaub in Kals am Gro\u00dfglockner"},"content":{"rendered":"\n<p class=\"has-text-align-center has-medium-font-size\">Kals am Gro\u00dfglockner ist f\u00fcr viele unserer G\u00e4ste l\u00e4ngst ein Lieblingsort f\u00fcr den Winterurlaub geworden. Jahr f\u00fcr Jahr entdecken Besucher aus aller Welt unser kleines Paradies in den Bergen \u2013 und kehren immer wieder zur\u00fcck.<\/p>\n\n\n\n<p class=\"has-text-align-center has-medium-font-size\">Im Winter zeigt sich Kals von seiner sch\u00f6nsten Seite: verschneite Landschaften, funkelnde Gipfel und atemberaubende Ausblicke auf die umliegenden Berge verzaubern jeden Moment. Hier k\u00f6nnen Sie die Ruhe der Natur genie\u00dfen und gleichzeitig das lebendige Treiben eines traditionellen, familienfreundlichen Ski-Gebiets erleben.<\/p>\n\n\n\n<p class=\"has-text-align-center has-medium-font-size\">Aber Kals kann weit mehr als \u201enur\u201c Skifahren. Der Ort bietet unz\u00e4hlige M\u00f6glichkeiten, die Tage ganz individuell und genussvoll zu gestalten. Wie w\u00e4re es mit einer romantischen Kutschfahrt durch das verschneite Dorf oder einem stimmungsvollen Abend beim Eisstockschie\u00dfen am Sportplatz? F\u00fcr die Aktiveren unter euch laden traumhafte Winterwanderungen dazu ein, die Ruhe der Natur zu genie\u00dfen. Und wenn es euch ein wenig h\u00f6her hinauszieht, gen\u00fcgen Schneeschuhe oder Tourenski, um einen unvergesslichen Tag inmitten der beeindruckenden Bergwelt vieler 3.000er zu erleben \u2013 begleitet von atemberaubenden Ausblicken, die noch lange in Erinnerung bleiben.<\/p>\n\n\n\n<p class=\"has-text-align-center has-medium-font-size\">Erleben Sie unvergessliche Wintertage, sp\u00fcren Sie die klare Bergluft und lassen Sie sich vom Charme unserer Region begeistern \u2013 Kals am Gro\u00dfglockner hei\u00dft Sie herzlich willkommen!<\/p>\n\n\n\n<div class=\"wp-block-buttons is-content-justification-center is-layout-flex wp-container-core-buttons-is-layout-a89b3969 wp-block-buttons-is-layout-flex\">\n<div class=\"wp-block-button\"><a class=\"wp-block-button__link has-black-color has-luminous-vivid-amber-background-color has-text-color has-background has-link-color wp-element-button\" href=\"https:\/\/koednitzhof.at\/gasthof\/index.php\/angebote\/\"><strong>Jetzt Winter-Urlaub buchen<\/strong><\/a><\/div>\n<\/div>\n\n\n\nngg_shortcode_0_placeholder\n\n\n\n<h2 class=\"wp-block-heading\">Unser Ski-Gebiet<\/h2>\n\n\n\n<p><strong>Sie h\u00e4tten gerne mehr Informationen zu unserem einzigartigen Ski-Gebiet?<\/strong> <br>Dann besuchen Sie doch gerne die Internetseite vom <a href=\"https:\/\/www.gg-resort.at\/de\/\">Gro\u00dfglockner Resort Kals-Matrei<\/a>.<br>Dort finden Sie aktuelle Informationen zu den Liften, Preisen und auch Live-Webcams.<\/p>\n","protected":false},"excerpt":{"rendered":"<p>Kals am Gro\u00dfglockner ist f\u00fcr viele unserer G\u00e4ste l\u00e4ngst ein Lieblingsort f\u00fcr den Winterurlaub geworden. Jahr f\u00fcr Jahr entdecken Besucher aus aller Welt unser kleines Paradies in den Bergen \u2013 und kehren immer wieder zur\u00fcck. Im Winter zeigt sich Kals von seiner sch\u00f6nsten Seite: verschneite Landschaften, funkelnde Gipfel und atemberaubende Ausblicke auf die umliegenden Berge [&hellip;]<\/p>\n","protected":false},"author":1,"featured_media":0,"parent":0,"menu_order":0,"comment_status":"closed","ping_status":"closed","template":"","meta":{"site-sidebar-layout":"default","site-content-layout":"","ast-site-content-layout":"default","site-content-style":"default","site-sidebar-style":"default","ast-global-header-display":"","ast-banner-title-visibility":"","ast-main-header-display":"","ast-hfb-above-header-display":"","ast-hfb-below-header-display":"","ast-hfb-mobile-header-display":"","site-post-title":"","ast-breadcrumbs-content":"","ast-featured-img":"","footer-sml-layout":"","theme-transparent-header-meta":"","adv-header-id-meta":"","stick-header-meta":"","header-above-stick-meta":"","header-main-stick-meta":"","header-below-stick-meta":"","astra-migrate-meta-layouts":"set","ast-page-background-enabled":"default","ast-page-background-meta":{"desktop":{"background-color":"var(--ast-global-color-4)","background-image":"","background-repeat":"repeat","background-position":"center center","background-size":"auto","background-attachment":"scroll","background-type":"","background-media":"","overlay-type":"","overlay-color":"","overlay-opacity":"","overlay-gradient":""},"tablet":{"background-color":"","background-image":"","background-repeat":"repeat","background-position":"center center","background-size":"auto","background-attachment":"scroll","background-type":"","background-media":"","overlay-type":"","overlay-color":"","overlay-opacity":"","overlay-gradient":""},"mobile":{"background-color":"","background-image":"","background-repeat":"repeat","background-position":"center center","background-size":"auto","background-attachment":"scroll","background-type":"","background-media":"","overlay-type":"","overlay-color":"","overlay-opacity":"","overlay-gradient":""}},"ast-content-background-meta":{"desktop":{"background-color":"var(--ast-global-color-5)","background-image":"","background-repeat":"repeat","background-position":"center center","background-size":"auto","background-attachment":"scroll","background-type":"","background-media":"","overlay-type":"","overlay-color":"","overlay-opacity":"","overlay-gradient":""},"tablet":{"background-color":"var(--ast-global-color-5)","background-image":"","background-repeat":"repeat","background-position":"center center","background-size":"auto","background-attachment":"scroll","background-type":"","background-media":"","overlay-type":"","overlay-color":"","overlay-opacity":"","overlay-gradient":""},"mobile":{"background-color":"var(--ast-global-color-5)","background-image":"","background-repeat":"repeat","background-position":"center center","background-size":"auto","background-attachment":"scroll","background-type":"","background-media":"","overlay-type":"","overlay-color":"","overlay-opacity":"","overlay-gradient":""}},"ngg_post_thumbnail":0,"footnotes":""},"class_list":["post-613","page","type-page","status-publish","hentry"],"_links":{"self":[{"href":"https:\/\/koednitzhof.at\/gasthof\/index.php\/wp-json\/wp\/v2\/pages\/613","targetHints":{"allow":["GET"]}}],"collection":[{"href":"https:\/\/koednitzhof.at\/gasthof\/index.php\/wp-json\/wp\/v2\/pages"}],"about":[{"href":"https:\/\/koednitzhof.at\/gasthof\/index.php\/wp-json\/wp\/v2\/types\/page"}],"author":[{"embeddable":true,"href":"https:\/\/koednitzhof.at\/gasthof\/index.php\/wp-json\/wp\/v2\/users\/1"}],"replies":[{"embeddable":true,"href":"https:\/\/koednitzhof.at\/gasthof\/index.php\/wp-json\/wp\/v2\/comments?post=613"}],"version-history":[{"count":13,"href":"https:\/\/koednitzhof.at\/gasthof\/index.php\/wp-json\/wp\/v2\/pages\/613\/revisions"}],"predecessor-version":[{"id":1595,"href":"https:\/\/koednitzhof.at\/gasthof\/index.php\/wp-json\/wp\/v2\/pages\/613\/revisions\/1595"}],"wp:attachment":[{"href":"https:\/\/koednitzhof.at\/gasthof\/index.php\/wp-json\/wp\/v2\/media?parent=613"}],"curies":[{"name":"wp","href":"https:\/\/api.w.org\/{rel}","templated":true}]}}